{"id":2,"date":"2021-10-02T14:07:51","date_gmt":"2021-10-02T14:07:51","guid":{"rendered":"https:\/\/indi.unipo.sk\/?page_id=2"},"modified":"2024-03-28T12:25:17","modified_gmt":"2024-03-28T10:25:17","slug":"sample-page","status":"publish","type":"page","link":"https:\/\/indi.unipo.sk\/","title":{"rendered":"Implicitn\u00e9 jazykov\u00e9 znalosti die\u0165a\u0165a"},"content":{"rendered":"<p align=\"center\"><b>IMPLICITN\u00c9 JAZYKOV\u00c9 ZNALOSTI DIE\u0164A\u0164A MLAD\u0160IEHO \u0160KOLSK\u00c9HO VEKU<\/b><\/p>\n<p>\u00a0 VEGA 1\/0353\/18<br \/>\n<b><br \/>\n<\/b><\/p>\n<p>&nbsp;<\/p>\n<p align=\"justify\"><b>ANOT\u00c1CIA PROJEKTU:<\/b><\/p>\n<p align=\"justify\">Projekt m\u00e1 charakter cie\u013eovo orientovan\u00e9ho z\u00e1kladn\u00e9ho lingvistick\u00e9ho v\u00fdskumu a uplat\u0148uje transdisciplin\u00e1rny pr\u00edstup. Cie\u013eom projektu je realizova\u0165 v\u00fdskum vytypovan\u00fdch okruhov implicitn\u00fdch jazykov\u00fdch znalost\u00ed die\u0165a\u0165a mlad\u0161ieho \u0161kolsk\u00e9ho veku hovoriaceho po slovensky. Projekt nadv\u00e4zuje na slovensk\u00e9 a zahrani\u010dn\u00e9 v\u00fdskumy v\u00fdvinovej psycholingvistiky, kognit\u00edvnej lingvistiky a aplikovanej lingvistiky. Z\u00e1merom projektu je roz\u0161\u00edrenie doteraj\u0161ieho vedeck\u00e9ho poznania o prvotn\u00fdch, spont\u00e1nnych predstav\u00e1ch die\u0165a\u0165a (prekoncepci\u00e1ch) o jazykov\u00fdch pojmoch, vz\u0165ahoch a procesoch. V\u00fdskumn\u00fd postup je zalo\u017een\u00fd na kvalitat\u00edvnej metodol\u00f3gii s vyu\u017eit\u00edm zodpovedaj\u00facich v\u00fdskumn\u00fdch proced\u00far. V\u00fdsledky anal\u00fdzy a interpret\u00e1cie z\u00edskan\u00fdch empirick\u00fdch d\u00e1t posl\u00fa\u017eia jednak vedeck\u00e9mu poznaniu o jazykovom v\u00fdvine die\u0165a\u0165a mlad\u0161ieho \u0161kolsk\u00e9ho veku hovoriaceho po slovensky a jednak m\u00f4\u017eu sl\u00fa\u017ei\u0165 ako konceptu\u00e1lne v\u00fdchodisko pre rozv\u00edjanie explicitn\u00fdch jazykov\u00fdch znalost\u00ed v in\u0161titucion\u00e1lnom jazykovom vzdel\u00e1van\u00ed.<\/p>\n<p>&nbsp;<\/p>\n<p align=\"justify\"><b>VEDECK\u00c9 CIELE PROJEKTU:<\/b><\/p>\n<p align=\"justify\"><b>Hlavn\u00fd cie\u013e:<\/b>\u00a0Z\u00e1kladn\u00fd lingvistick\u00fd v\u00fdskum vytypovan\u00fdch okruhov implicitn\u00fdch jazykov\u00fdch znalost\u00ed die\u0165a\u0165a mlad\u0161ieho \u0161kolsk\u00e9ho veku hovoriaceho po slovensky.<\/p>\n<p>&nbsp;<\/p>\n<p align=\"justify\"><b>1. Ciele v teoretickej rovine:<\/b><\/p>\n<p align=\"justify\">a) Uskuto\u010dni\u0165 anal\u00fdzu slovensk\u00fdch a zahrani\u010dn\u00fdch te\u00f3ri\u00ed v\u00fdvinovej psycholingvistiky, kognit\u00edvnej lingvistiky a aplikovanej lingvistiky vo vz\u0165ahu k v\u00fdskumu jazykov\u00fdch znalost\u00ed die\u0165a\u0165a.<\/p>\n<p align=\"justify\">b) Analyzova\u0165 doteraj\u0161ie dom\u00e1ce a zahrani\u010dn\u00e9 empirick\u00e9 v\u00fdskumy t\u00fdkaj\u00face sa jednotliv\u00fdch oblast\u00ed jazykov\u00e9ho v\u00fdvinu a jazykov\u00fdch znalost\u00ed die\u0165a\u0165a mlad\u0161ieho \u0161kolsk\u00e9ho veku.<\/p>\n<p>&nbsp;<\/p>\n<p align=\"justify\"><b>2. Ciele v empirickej rovine:<\/b><\/p>\n<p align=\"justify\">a) Realizova\u0165 empirick\u00fd v\u00fdskum implicitn\u00fdch jazykov\u00fdch znalost\u00ed die\u0165a\u0165a (detsk\u00fdch prvotn\u00fdch predst\u00e1v, prekoncepci\u00ed) o jazykov\u00fdch pojmoch, vz\u0165ahoch a procesoch vo vytypovan\u00fdch obsahov\u00fdch oblastiach slovensk\u00e9ho jazyka.<\/p>\n<p align=\"justify\">b) Uskuto\u010dni\u0165 kompar\u00e1ciu zisten\u00ed o implicitn\u00fdch znalostiach sloven\u010diny ako materinsk\u00e9ho jazyka s explicitn\u00fdmi znalos\u0165ami die\u0165a\u0165a mlad\u0161ieho \u0161kolsk\u00e9ho veku o cudzom jazyku (na materi\u00e1li angli\u010dtiny).<\/p>\n<p align=\"justify\">c) Analyzova\u0165 a interpretova\u0165 empirick\u00e9 \u00fadaje.<\/p>\n<p>&nbsp;<\/p>\n<p align=\"justify\"><b>3. Ciele v r\u00e1mci synt\u00e9zy teoretick\u00fdch a empirick\u00fdch zisten\u00ed:<\/b><\/p>\n<p align=\"justify\">a) Konfrontova\u0165 v\u00fdsledky empirick\u00e9ho v\u00fdskumu s doteraj\u0161\u00edmi vedeck\u00fdmi zisteniami o implicitn\u00fdch jazykov\u00fdch znalostiach die\u0165a\u0165a mlad\u0161ieho \u0161kolsk\u00e9ho veku.<\/p>\n<p align=\"justify\">b) Analyzova\u0165 vz\u0165ah zisten\u00fdch implicitn\u00fdch jazykov\u00fdch znalost\u00ed die\u0165a\u0165a s explicitn\u00fdmi jazykov\u00fdmi znalos\u0165ami, ktor\u00fdmi by sa malo rozv\u00edja\u0165 prirodzen\u00e9 jazykov\u00e9 vedomie die\u0165a\u0165a.<\/p>\n<p align=\"justify\">c) V\u00fdskumn\u00e9 zistenia syntetizova\u0165 a publikova\u0165 ako vedeck\u00fa monografiu.<\/p>\n<p align=\"justify\"><b>V\u00ddSTUP PROJEKTU:<\/b><\/p>\n<p align=\"justify\"><a href=\"https:\/\/indi.unipo.sk\/wp-content\/uploads\/2022\/09\/IMPL_tiraz.pdf\"><img loading=\"lazy\" decoding=\"async\" class=\"size-full wp-image-111 aligncenter\" src=\"https:\/\/indi.unipo.sk\/wp-content\/uploads\/2022\/08\/ijzd.png\" alt=\"\" width=\"377\" height=\"265\" \/><\/a><\/p>\n<p align=\"justify\"><strong>Publik\u00e1cia je dostupn\u00e1 na:<\/strong> <a id=\"OWA3fe38466-08a5-df2e-80f8-c97f1892ae90\" class=\"OWAAutoLink\" href=\"https:\/\/www.pulib.sk\/web\/kniznica\/elpub\/dokument\/Liptakova2\" data-auth=\"NotApplicable\" data-linkindex=\"0\" data-loopstyle=\"linkonly\">https:\/\/www.pulib.sk\/web\/kniznica\/elpub\/dokument\/Liptakova2<\/a><\/p>\n<p align=\"justify\"><b>RIE\u0160ITE\u013dSK\u00dd KOLEKT\u00cdV:<\/b><\/p>\n<p align=\"justify\"><b>Ved\u00faca projektu:\u00a0<\/b>prof. PaedDr. \u013dudmila Lipt\u00e1kov\u00e1, CSc.<\/p>\n<p align=\"justify\"><b>Z\u00e1stupky\u0148a ved\u00facej projektu:\u00a0<\/b>doc. Mgr. Katar\u00edna Vu\u017e\u0148\u00e1kov\u00e1, PhD.<\/p>\n<p align=\"justify\"><b>Spolurie\u0161itelia:\u00a0<\/b>prof. PhDr. Iveta Koval\u010d\u00edkov\u00e1, PhD., doc. PaedDr. Martin Klimovi\u010d, PhD., Mgr. Eva Gogov\u00e1, PhD., Mgr. Juraj Kresila, PhD., Mgr. Marta Kop\u010d\u00edkov\u00e1, PhD., Mgr. Ivan Ropovik, PhD., Mgr. D\u00e1vid Dziak (doktorand), Mgr. Katar\u00edna Drozdov\u00e1 (doktorandka)<\/p>\n","protected":false},"excerpt":{"rendered":"<p>IMPLICITN\u00c9 JAZYKOV\u00c9 ZNALOSTI DIE\u0164A\u0164A MLAD\u0160IEHO \u0160KOLSK\u00c9HO VEKU \u00a0 VEGA 1\/0353\/18 &nbsp; ANOT\u00c1CIA PROJEKTU: Projekt m\u00e1 charakter cie\u013eovo orientovan\u00e9ho z\u00e1kladn\u00e9ho lingvistick\u00e9ho v\u00fdskumu a uplat\u0148uje transdisciplin\u00e1rny pr\u00edstup.<\/p>\n","protected":false},"author":1,"featured_media":0,"parent":0,"menu_order":0,"comment_status":"closed","ping_status":"open","template":"","meta":{"footnotes":""},"class_list":["post-2","page","type-page","status-publish","hentry"],"_links":{"self":[{"href":"https:\/\/indi.unipo.sk\/index.php?rest_route=\/wp\/v2\/pages\/2","targetHints":{"allow":["GET"]}}],"collection":[{"href":"https:\/\/indi.unipo.sk\/index.php?rest_route=\/wp\/v2\/pages"}],"about":[{"href":"https:\/\/indi.unipo.sk\/index.php?rest_route=\/wp\/v2\/types\/page"}],"author":[{"embeddable":true,"href":"https:\/\/indi.unipo.sk\/index.php?rest_route=\/wp\/v2\/users\/1"}],"replies":[{"embeddable":true,"href":"https:\/\/indi.unipo.sk\/index.php?rest_route=%2Fwp%2Fv2%2Fcomments&post=2"}],"version-history":[{"count":6,"href":"https:\/\/indi.unipo.sk\/index.php?rest_route=\/wp\/v2\/pages\/2\/revisions"}],"predecessor-version":[{"id":420,"href":"https:\/\/indi.unipo.sk\/index.php?rest_route=\/wp\/v2\/pages\/2\/revisions\/420"}],"wp:attachment":[{"href":"https:\/\/indi.unipo.sk\/index.php?rest_route=%2Fwp%2Fv2%2Fmedia&parent=2"}],"curies":[{"name":"wp","href":"https:\/\/api.w.org\/{rel}","templated":true}]}}