{"id":214,"date":"2022-09-24T10:58:20","date_gmt":"2022-09-24T08:58:20","guid":{"rendered":"https:\/\/indi.unipo.sk\/?page_id=214"},"modified":"2022-09-24T10:59:31","modified_gmt":"2022-09-24T08:59:31","slug":"ako-prechadzat-cez-cestu-bezpecne","status":"publish","type":"page","link":"https:\/\/indi.unipo.sk\/?page_id=214","title":{"rendered":"Ako prech\u00e1dza\u0165 cez cestu bezpe\u010dne?"},"content":{"rendered":"<div id=\"contentwrap\">\n<div id=\"content\">\n<div id=\"rightcolumn\">\n<div id=\"rightcolumn_page\">\n<p align=\"center\"><span style=\"font-size: x-large;\"><i><b>Ako prech\u00e1dza\u0165 cez cestu bezpe\u010dne?<\/b><\/i><\/span><\/p>\n<p align=\"center\"><i><b>Integrovan\u00fd vyu\u010dovac\u00ed projekt<\/b><\/i><\/p>\n<p align=\"center\"><i><b>(integr\u00e1cia jazykovej a slohovej zlo\u017eky)<\/b><\/i><\/p>\n<p align=\"center\"><i><b>Autor: Mgr. Dana Cib\u00e1kov\u00e1<\/b><\/i><\/p>\n<table class=\"pismo_vlavo\" border=\"0\" width=\"90%\" cellspacing=\"0\" cellpadding=\"0\" align=\"center\">\n<tbody>\n<tr bgcolor=\"#dba63f\">\n<td><b>\u00a0<\/b><\/td>\n<\/tr>\n<tr bgcolor=\"#dba63f\">\n<td><b>\u00a0Ro\u010dn\u00edk: tret\u00ed<\/b><\/td>\n<\/tr>\n<tr bgcolor=\"#dba63f\">\n<td><b>\u00a0Komunika\u010dn\u00e1 t\u00e9ma: Ako prech\u00e1dza\u0165 cez cestu bezpe\u010dne?<\/b><\/td>\n<\/tr>\n<tr bgcolor=\"#dba63f\">\n<td>\n<table class=\"pismo_vlavo\" border=\"0\" width=\"100%\" cellspacing=\"0\" cellpadding=\"3\" align=\"center\">\n<tbody>\n<tr>\n<td width=\"10%\"><b>\u00a0U\u010divo:<\/b><\/td>\n<td><b>jazyk<\/b>\u00a0\u2013 jednoduch\u00e1 veta, vety pod\u013ea komunika\u010dn\u00e9ho z\u00e1meru.<\/td>\n<\/tr>\n<tr>\n<td><\/td>\n<td><b>komunik\u00e1cia a sloh<\/b>\u00a0\u2013 vyh\u013ead\u00e1vanie inform\u00e1ci\u00ed v neline\u00e1rnom texte a ich sprac\u00favanie pri tvorbe dynamick\u00e9ho opisu.<\/td>\n<\/tr>\n<tr>\n<td><b>\u00a0Ciele:<\/b><\/p>\n<p>&nbsp;<\/td>\n<td><b>jazyk<\/b>\u00a0\u2013 Vyh\u013eada\u0165 inform\u00e1cie z neline\u00e1rneho textu pod\u013ea komunika\u010dn\u00e9ho z\u00e1meru. Porozumie\u0165 neverb\u00e1lnym znakom.<\/td>\n<\/tr>\n<tr>\n<td><b>\u00a0<\/b><\/td>\n<td><b>komunik\u00e1cia a sloh<\/b>\u00a0\u2013 Porozumie\u0165 neline\u00e1rnemu textu. Tvori\u0165 dynamick\u00fd opis s dodr\u017eiavan\u00edm dejovej postupnosti. Rozv\u00edja\u0165 funk\u010dn\u00fa gramotnos\u0165 prostredn\u00edctvom pr\u00e1ce so slovn\u00edkmi.<\/td>\n<\/tr>\n<\/tbody>\n<\/table>\n<\/td>\n<\/tr>\n<tr bgcolor=\"#dba63f\">\n<td><b>U\u010debn\u00e9 pom\u00f4cky a didaktick\u00e1 technika:<\/b><br \/>\nneline\u00e1rny text, Kr\u00e1tky slovn\u00edk slovensk\u00e9ho jazyka, informa\u010dno-komunika\u010dn\u00e9 technol\u00f3gie: obr\u00e1zky dopravn\u00fdch zna\u010diek<\/td>\n<\/tr>\n<tr bgcolor=\"#dba63f\">\n<td><\/td>\n<\/tr>\n<tr bgcolor=\"#dbaa4b\">\n<td align=\"center\"><b>\u00a0<\/b><\/td>\n<\/tr>\n<tr bgcolor=\"#dbaa4b\">\n<td align=\"center\"><b>Metodick\u00fd postup:<\/b><\/td>\n<\/tr>\n<tr bgcolor=\"#dbaa4b\">\n<td align=\"center\"><\/td>\n<\/tr>\n<tr bgcolor=\"#dbaa4b\">\n<td align=\"center\">V projekte sa uplat\u0148uj\u00fa f\u00e1zy r\u00e1mca E \u2013 U \u2013 R (evok\u00e1cia \u2013 uvedomovanie si v\u00fdznamu \u2013 reflexia), ktor\u00e9 s\u00fa graficky spracovan\u00e9 v troch odli\u0161n\u00fdch farebn\u00fdch poliach.<\/td>\n<\/tr>\n<tr bgcolor=\"#dbaa4b\">\n<td align=\"center\"><b>\u00a0<\/b><\/td>\n<\/tr>\n<tr bgcolor=\"#dbaa4b\">\n<td align=\"center\">\n<table class=\"pismo_vlavo\" border=\"0\" width=\"40%\" cellspacing=\"3\" cellpadding=\"3\" align=\"center\">\n<tbody>\n<tr>\n<td width=\"5%\"><b>E<\/b><\/td>\n<td bgcolor=\"#e7e6ae\"><\/td>\n<td bgcolor=\"#f4f4d3\"><\/td>\n<td>Evok\u00e1cia<\/td>\n<\/tr>\n<tr>\n<td><b>U<\/b><\/td>\n<td bgcolor=\"#e8e786\"><\/td>\n<td bgcolor=\"#efeea2\"><\/td>\n<td>Uvedomovanie si v\u00fdznamu<\/td>\n<\/tr>\n<tr>\n<td><b>R<\/b><\/td>\n<td bgcolor=\"#efd299\"><\/td>\n<td bgcolor=\"#f6e2ba\"><\/td>\n<td>Reflexia<\/td>\n<\/tr>\n<\/tbody>\n<\/table>\n<\/td>\n<\/tr>\n<tr bgcolor=\"#dbaa4b\">\n<td align=\"center\"><b>\u00a0<\/b><\/td>\n<\/tr>\n<tr bgcolor=\"#dbaa4b\">\n<td align=\"center\">\n<table class=\"pismo_vlavo\" border=\"0\" width=\"90%\" cellspacing=\"0\" cellpadding=\"3\" align=\"center\">\n<tbody>\n<tr>\n<td align=\"center\" bgcolor=\"\" width=\"15%\"><span style=\"color: green;\"><b>F\u00e1zy projektu<\/b><\/span><\/td>\n<td align=\"center\" bgcolor=\"\"><b>Opis aktiv\u00edt a ich zd\u00f4vodnenie<\/b><\/td>\n<td align=\"center\" bgcolor=\"\" width=\"15%\"><span style=\"color: brown;\"><b>Pou\u017eit\u00e9 met\u00f3dy<\/b><\/span><\/td>\n<\/tr>\n<\/tbody>\n<\/table>\n<\/td>\n<\/tr>\n<tr bgcolor=\"#dbaa4b\">\n<td><\/td>\n<\/tr>\n<tr>\n<td>\n<table class=\"pismo_vlavo\" border=\"0\" width=\"100%\" cellspacing=\"0\" cellpadding=\"3\" align=\"center\">\n<tbody>\n<tr>\n<td bgcolor=\"#e7e6ae\"><\/td>\n<td bgcolor=\"#e7e6ae\"><\/td>\n<td bgcolor=\"#f4f4d3\"><\/td>\n<\/tr>\n<tr>\n<td bgcolor=\"#e7e6ae\"><\/td>\n<td bgcolor=\"#e7e6ae\"><b>1.<br \/>\na)<\/b>\u00a0Ako r\u00e1no chodievate do \u0161koly?<\/td>\n<td bgcolor=\"#f4f4d3\"><span style=\"color: brown;\"><br \/>\nMotiva\u010dn\u00fd rozhovor<\/span><\/td>\n<\/tr>\n<tr>\n<td bgcolor=\"#e7e6ae\"><\/td>\n<td bgcolor=\"#e7e6ae\"><b>b)<\/b>\u00a0Kto z v\u00e1s chodieva do \u0161koly pe\u0161i?<\/td>\n<td bgcolor=\"#f4f4d3\"><\/td>\n<\/tr>\n<tr>\n<td bgcolor=\"#e7e6ae\"><\/td>\n<td bgcolor=\"#e7e6ae\"><b>c)<\/b>\u00a0Prech\u00e1dzate cez kri\u017eovatky?<\/td>\n<td bgcolor=\"#f4f4d3\"><\/td>\n<\/tr>\n<tr>\n<td bgcolor=\"#e7e6ae\"><\/td>\n<td bgcolor=\"#e7e6ae\"><b>d)<\/b>\u00a0Ako prech\u00e1dzate cez cestu, ke\u010f sa potrebujete dosta\u0165 na druh\u00fa stranu?<\/td>\n<td bgcolor=\"#f4f4d3\"><\/td>\n<\/tr>\n<tr>\n<td bgcolor=\"#e7e6ae\"><span style=\"color: green;\"><b>EVOK\u00c1CIA<\/b><\/span><\/td>\n<td bgcolor=\"#e7e6ae\"><\/td>\n<td bgcolor=\"#f4f4d3\"><\/td>\n<\/tr>\n<tr>\n<td bgcolor=\"#e7e6ae\"><\/td>\n<td bgcolor=\"#e7e6ae\"><b>2.<br \/>\na)<\/b>\u00a0Pozorne si prezrite nasleduj\u00faci obr\u00e1zok (pr\u00edloha A).<\/td>\n<td bgcolor=\"#f4f4d3\"><span style=\"color: brown;\">pozorovanie obr\u00e1zka (ilustra\u010dn\u00e9 vyu\u017eitie IKT)<\/span><\/td>\n<\/tr>\n<tr>\n<td bgcolor=\"#e7e6ae\"><\/td>\n<td bgcolor=\"#e7e6ae\"><\/td>\n<td bgcolor=\"#f4f4d3\"><\/td>\n<\/tr>\n<tr>\n<td bgcolor=\"#e8e786\"><\/td>\n<td bgcolor=\"#e8e786\"><\/td>\n<td bgcolor=\"#efeea2\"><\/td>\n<\/tr>\n<tr>\n<td bgcolor=\"#e8e786\"><\/td>\n<td bgcolor=\"#e8e786\"><b>3.<br \/>\nOt\u00e1zky na porozumenie textu<\/b><\/td>\n<td bgcolor=\"#efeea2\"><\/td>\n<\/tr>\n<tr>\n<td bgcolor=\"#e8e786\"><\/td>\n<td bgcolor=\"#e8e786\"><b>a)<\/b>\u00a0Op\u00ed\u0161te, \u010do vid\u00edte na obr\u00e1zku.<\/td>\n<td bgcolor=\"#efeea2\"><span style=\"color: brown;\">identifik\u00e1cia<\/span><\/td>\n<\/tr>\n<tr>\n<td bgcolor=\"#e8e786\"><\/td>\n<td bgcolor=\"#e8e786\"><b>b)<\/b>\u00a0Vysvetlite v\u00fdznam slovn\u00e9ho spojenia dopravn\u00e1 \u201ezna\u010dka&#8220;? V\u00fdznam slova \u201ezna\u010dka\u201c si over\u00edme v Kr\u00e1tkom slovn\u00edku slovensk\u00e9ho jazyka.<\/td>\n<td bgcolor=\"#efeea2\"><span style=\"color: brown;\">porozumenie<\/span><\/td>\n<\/tr>\n<tr>\n<td bgcolor=\"#e8e786\"><\/td>\n<td bgcolor=\"#e8e786\"><b>c)<\/b>\u00a0Je d\u00f4le\u017eit\u00e9, aby na cest\u00e1ch boli dopravn\u00e9 zna\u010dky?<\/td>\n<td bgcolor=\"#efeea2\"><span style=\"color: brown;\">dedukcia a integr\u00e1cia<\/span><\/td>\n<\/tr>\n<tr>\n<td bgcolor=\"#e8e786\"><\/td>\n<td bgcolor=\"#e8e786\"><b>d)<\/b>\u00a0Ktor\u00e9 dopravn\u00e9 zna\u010dky sa nach\u00e1dzaj\u00fa na obr\u00e1zku ?<\/td>\n<td bgcolor=\"#efeea2\"><span style=\"color: brown;\">identifik\u00e1cia a integr\u00e1cia<\/span><\/td>\n<\/tr>\n<tr>\n<td bgcolor=\"#e8e786\"><\/td>\n<td bgcolor=\"#e8e786\"><b>e)<\/b>\u00a0\u010co tieto dopravn\u00e9 zna\u010dky vyjadruj\u00fa?<\/td>\n<td bgcolor=\"#efeea2\"><span style=\"color: brown;\">interpret\u00e1cia<\/span><\/td>\n<\/tr>\n<tr>\n<td bgcolor=\"#e8e786\"><\/td>\n<td bgcolor=\"#e8e786\"><b>f)<\/b>\u00a0Uk\u00e1\u017ete na obr\u00e1zku, ktor\u00e9 zna\u010dky nie\u010do zakazuj\u00fa, prikazuj\u00fa, informuj\u00fa.<\/td>\n<td bgcolor=\"#efeea2\"><span style=\"color: brown;\">porovn\u00e1vanie, rozli\u0161ovanie<\/span><\/td>\n<\/tr>\n<tr>\n<td bgcolor=\"#e8e786\"><span style=\"color: green;\"><b>UVEDOMOVANIE SI V\u00ddZNAMU<\/b><\/span><\/td>\n<td bgcolor=\"#e8e786\"><b>g)<\/b>\u00a0Predstav si, \u017ee si dopravnou zna\u010dkou, ktor\u00e1 m\u00e1 chodcovi nie\u010do prik\u00e1za\u0165. Pok\u00fas sa sformulova\u0165 pr\u00edkaz.<\/td>\n<td bgcolor=\"#efeea2\"><span style=\"color: brown;\">integr\u00e1cia<\/span><\/td>\n<\/tr>\n<tr>\n<td bgcolor=\"#e8e786\"><\/td>\n<td bgcolor=\"#e8e786\"><\/td>\n<td bgcolor=\"#efeea2\"><\/td>\n<\/tr>\n<tr>\n<td bgcolor=\"#e8e786\"><\/td>\n<td bgcolor=\"#e8e786\"><b>4.<br \/>\nJazykov\u00e9 cvi\u010denia<\/b><\/td>\n<td bgcolor=\"#efeea2\"><\/td>\n<\/tr>\n<tr>\n<td bgcolor=\"#e8e786\"><\/td>\n<td bgcolor=\"#e8e786\"><b>a)<\/b>\u00a0Pre\u010d\u00edtajte si vety na tabuli a povedzte, \u010d\u00edm sa odli\u0161uj\u00fa.<\/p>\n<p>Daj prednos\u0165 v jazde!<br \/>\nHlavn\u00e1 cesta.<br \/>\nKde sa tu nach\u00e1dza najbli\u017e\u0161\u00ed<br \/>\npriechod pre chodcov?<br \/>\nStop!<\/td>\n<td bgcolor=\"#efeea2\"><span style=\"color: brown;\">kognit\u00edvne syntaktick\u00e9 cvi\u010denie (porovn\u00e1vanie)<\/span><\/td>\n<\/tr>\n<tr>\n<td bgcolor=\"#e8e786\"><\/td>\n<td bgcolor=\"#e8e786\"><b>b)<\/b>\u00a0Pok\u00faste sa v skupin\u00e1ch roztriedi\u0165 nasleduj\u00face karti\u010dky so zna\u010dkami do troch skup\u00edn pod\u013ea toho, \u010di n\u00e1m nie\u010do prikazuj\u00fa, oznamuj\u00fa alebo zakazuj\u00fa. Ku ka\u017edej zna\u010dke nap\u00ed\u0161te, \u010do vyjadruje. Svoje tvrdenia si porovnajte s ostatn\u00fdmi skupinami (pr\u00edloha B).<\/td>\n<td bgcolor=\"#efeea2\"><span style=\"color: brown;\">kognit\u00edvne syntaktick\u00e9 cvi\u010denie (porovn\u00e1vanie a triedenie)<\/span><\/td>\n<\/tr>\n<tr>\n<td bgcolor=\"#e8e786\"><\/td>\n<td bgcolor=\"#e8e786\"><\/td>\n<td bgcolor=\"#efeea2\"><\/td>\n<\/tr>\n<tr>\n<td bgcolor=\"#efd299\"><\/td>\n<td bgcolor=\"#efd299\"><\/td>\n<td bgcolor=\"#f6e2ba\"><\/td>\n<\/tr>\n<tr>\n<td bgcolor=\"#efd299\"><\/td>\n<td bgcolor=\"#efd299\"><b>5.<br \/>\na)<\/b>\u00a0Vyberte si jednu dopravn\u00fa zna\u010dku, nakreslite ju a pod obr\u00e1zok nap\u00ed\u0161te jej v\u00fdznam.<\/td>\n<td bgcolor=\"#f6e2ba\"><span style=\"color: brown;\">aplika\u010dn\u00e9 cvi\u010denie<\/span><\/td>\n<\/tr>\n<tr>\n<td bgcolor=\"#efd299\"><\/td>\n<td bgcolor=\"#efd299\"><b>b)<\/b>\u00a0M\u00f4\u017eu by\u0165 cesty, kri\u017eovatky bez dopravn\u00fdch zna\u010diek? (pr\u00edloha C)<\/td>\n<td bgcolor=\"#f6e2ba\"><span style=\"color: brown;\">T-sch\u00e9ma<\/span><\/td>\n<\/tr>\n<tr>\n<td bgcolor=\"#efd299\"><\/td>\n<td bgcolor=\"#efd299\"><\/td>\n<td bgcolor=\"#f6e2ba\"><\/td>\n<\/tr>\n<tr>\n<td bgcolor=\"#efd299\"><\/td>\n<td bgcolor=\"#efd299\"><b>6.<br \/>\na)<\/b>\u00a0V skupin\u00e1ch v\u00fdsti\u017ene op\u00ed\u0161te to, \u010do charakterizuje zna\u010dky, pomocou p\u00e4\u0165ver\u0161\u00edka (cinquainu).<\/td>\n<td bgcolor=\"#f6e2ba\"><span style=\"color: brown;\">Cinquain<\/span><\/td>\n<\/tr>\n<tr>\n<td bgcolor=\"#efd299\"><\/td>\n<td bgcolor=\"#efd299\"><b>1. riadok:<\/b>\u00a0jednoslovn\u00e9 pomenovanie t\u00e9my (podstatn\u00e9 meno);<\/td>\n<td bgcolor=\"#f6e2ba\"><\/td>\n<\/tr>\n<tr>\n<td bgcolor=\"#efd299\"><\/td>\n<td bgcolor=\"#efd299\"><b>2. riadok:<\/b>\u00a0dvojslovn\u00fd opis t\u00e9my (dve pr\u00eddavn\u00e9 men\u00e1);<\/td>\n<td bgcolor=\"#f6e2ba\"><\/td>\n<\/tr>\n<tr>\n<td bgcolor=\"#efd299\"><\/td>\n<td bgcolor=\"#efd299\"><b>3. riadok:<\/b>\u00a0trojslovn\u00e9 vyjadrenie deja, \u010dinnosti (tri sloves\u00e1);<\/td>\n<td bgcolor=\"#f6e2ba\"><\/td>\n<\/tr>\n<tr>\n<td bgcolor=\"#efd299\"><\/td>\n<td bgcolor=\"#efd299\"><b>4. riadok:<\/b>\u00a0(\u0161tvorslovn\u00e9 vyjadrenie hodnotenia t\u00e9my);<\/td>\n<td bgcolor=\"#f6e2ba\"><\/td>\n<\/tr>\n<tr>\n<td bgcolor=\"#efd299\"><\/td>\n<td bgcolor=\"#efd299\"><b>5. riadok:<\/b>\u00a0jednoslovn\u00e9 synonymum vyjadruj\u00face podstatu.<\/td>\n<td bgcolor=\"#f6e2ba\"><\/td>\n<\/tr>\n<tr>\n<td bgcolor=\"#efd299\"><\/td>\n<td bgcolor=\"#efd299\"><\/td>\n<td bgcolor=\"#f6e2ba\"><\/td>\n<\/tr>\n<tr>\n<td bgcolor=\"#efd299\"><span style=\"color: green;\"><b>REFLEXIA<\/b><\/span><\/td>\n<td bgcolor=\"#efd299\"><b>7.<br \/>\nN\u00e1cvik dynamick\u00e9ho opisu, f\u00e1zy textotvorn\u00e9ho procesu<br \/>\na)<\/b>\u00a0Pok\u00faste sa vymyslie\u0165 n\u00e1zov pre obr\u00e1zok, ktor\u00fd sme pozorovali (pr\u00edloha A).<\/td>\n<td bgcolor=\"#f6e2ba\">&nbsp;<\/p>\n<p>V\u00fdber t\u00e9my (n\u00e1zvu)<\/td>\n<\/tr>\n<tr>\n<td bgcolor=\"#efd299\"><\/td>\n<td bgcolor=\"#efd299\"><b>b)<\/b>\u00a0Na papier nap\u00ed\u0161te v\u0161etky slov\u00e1, ktor\u00e9 sa t\u00fdkaj\u00fa dan\u00e9ho obr\u00e1zka.<\/td>\n<td bgcolor=\"#f6e2ba\"><span style=\"color: brown;\">invencia (pojmov\u00e1 mapa)<\/span><\/td>\n<\/tr>\n<tr>\n<td bgcolor=\"#efd299\"><\/td>\n<td bgcolor=\"#efd299\"><b>c)<\/b>\u00a0Zo slov, ktor\u00e9 ste nap\u00edsali, zostavte k obr\u00e1zku kr\u00e1tku osnovu, napr.<\/td>\n<td bgcolor=\"#f6e2ba\"><span style=\"color: brown;\">kompoz\u00edcia (osnova)<\/span><\/td>\n<\/tr>\n<tr>\n<td bgcolor=\"#efd299\"><\/td>\n<td bgcolor=\"#efd299\"><b>\u00a0\u00a0\u00a01.<\/b>\u00a0Stretnutie spolu\u017eiakov.<\/td>\n<td bgcolor=\"#f6e2ba\"><\/td>\n<\/tr>\n<tr>\n<td bgcolor=\"#efd299\"><\/td>\n<td bgcolor=\"#efd299\"><b>\u00a0\u00a0\u00a02.<\/b>\u00a0Ako prejs\u0165 cez cestu?<\/td>\n<td bgcolor=\"#f6e2ba\"><\/td>\n<\/tr>\n<tr>\n<td bgcolor=\"#efd299\"><\/td>\n<td bgcolor=\"#efd299\"><b>\u00a0\u00a0\u00a03.<\/b>\u00a0Pozor na zna\u010dky!<\/td>\n<td bgcolor=\"#f6e2ba\"><\/td>\n<\/tr>\n<tr>\n<td bgcolor=\"#efd299\"><\/td>\n<td bgcolor=\"#efd299\"><b>\u00a0\u00a0\u00a04.<\/b>\u00a0Na druhej strane.<\/td>\n<td bgcolor=\"#f6e2ba\"><\/td>\n<\/tr>\n<tr>\n<td bgcolor=\"#efd299\"><\/td>\n<td bgcolor=\"#efd299\"><b>d)<\/b>\u00a0Pomocou osnovy op\u00ed\u0161te, ako spolu\u017eiaci id\u00fa ka\u017ed\u00e9 r\u00e1no do \u0161koly. Op\u00ed\u0161te svoju vlastn\u00fa cestu do \u0161koly.<\/td>\n<td bgcolor=\"#f6e2ba\"><span style=\"color: brown;\">\u0161tyliz\u00e1cia (koncept)<\/span><\/td>\n<\/tr>\n<tr>\n<td bgcolor=\"#efd299\"><\/td>\n<td bgcolor=\"#efd299\"><b>e)<\/b>\u00a0Vo dvojiciach si skontrolujte, \u010di ste dodr\u017eali postupnos\u0165: \u010do je najprv, \u010do je potom. Pozorne si skontrolujte a upravte cel\u00fd text.<\/td>\n<td bgcolor=\"#f6e2ba\"><span style=\"color: brown;\">\u00faprava a oprava textu<\/span><\/td>\n<\/tr>\n<tr>\n<td bgcolor=\"#efd299\"><\/td>\n<td bgcolor=\"#efd299\"><\/td>\n<td bgcolor=\"#f6e2ba\"><\/td>\n<\/tr>\n<tr>\n<td bgcolor=\"#efd299\"><\/td>\n<td bgcolor=\"#efd299\"><b>8.<br \/>\n<\/b>Ako bezpe\u010dne prech\u00e1dza\u0165 cez cestu, si precvi\u010d\u00edme na dopravnom ihrisku.<\/td>\n<td bgcolor=\"#f6e2ba\"><span style=\"color: brown;\">simula\u010dn\u00e1 hra<\/span><\/td>\n<\/tr>\n<tr>\n<td bgcolor=\"#efd299\"><\/td>\n<td bgcolor=\"#efd299\"><\/td>\n<td bgcolor=\"#f6e2ba\"><\/td>\n<\/tr>\n<\/tbody>\n<\/table>\n<\/td>\n<\/tr>\n<tr bgcolor=\"#dba63f\">\n<td align=\"left\"><\/td>\n<\/tr>\n<tr bgcolor=\"#dba63f\">\n<td align=\"justify\">Pozn.: V integrovanom vyu\u010dovacom projekte sa realizuje\u00a0<b>medzipredmetov\u00e1 integr\u00e1cia<\/b>\u00a0s vlastivedou a dopravnou v\u00fdchovou a\u00a0<b>medzizlo\u017ekov\u00e1 integr\u00e1cia<\/b>\u00a0jazykovej a slohovej zlo\u017eky. Vyu\u017e\u00edva sa tu neline\u00e1rny text, z ktor\u00e9ho \u017eiaci vyh\u013ead\u00e1vaj\u00fa inform\u00e1cie, tvoria jednoduch\u00e9 vety pod\u013ea komunika\u010dn\u00e9ho z\u00e1meru a n\u00e1sledne ich vyu\u017e\u00edvaj\u00fa pri tvorbe dynamick\u00e9ho opisu. V jazykovej zlo\u017eke sa aplikuje v nov\u00fdch s\u00favislostiach poznatok o druhoch viet pod\u013ea komunika\u010dn\u00e9ho z\u00e1meru (oznamovacie, opytovacie, rozkazovacie). Integrovan\u00fd vyu\u010dovac\u00ed projekt m\u00e1 okrem informat\u00edvneho charakteru aj charakter format\u00edvny, preto\u017ee vedie \u017eiakov k bezpe\u010dn\u00e9mu prech\u00e1dzaniu cez cestu a re\u0161pektovaniu cestn\u00fdch pravidiel.<\/td>\n<\/tr>\n<tr bgcolor=\"#dba63f\">\n<td align=\"left\"><\/td>\n<\/tr>\n<tr>\n<td align=\"left\"><\/td>\n<\/tr>\n<tr>\n<td align=\"left\">Pr\u00edloha A<\/td>\n<\/tr>\n<tr>\n<td align=\"center\"><img decoding=\"async\" src=\"https:\/\/indi.unipo.sk\/wp-content\/uploads\/2022\/09\/cibak_a.jpg\" alt=\"#\" \/><\/td>\n<\/tr>\n<tr>\n<td align=\"right\">zdroj: TA\u0160KOV\u00c1, M. : Rozv\u00edjanie poznania. Bratislava: Maquita, 2008. ISBN 978-80-89260-13-3.<\/td>\n<\/tr>\n<tr>\n<td align=\"left\">Pr\u00edloha B<\/td>\n<\/tr>\n<tr>\n<td align=\"center\"><img decoding=\"async\" src=\"https:\/\/indi.unipo.sk\/wp-content\/uploads\/2022\/09\/cibak_b.jpg\" alt=\"#\" \/><\/td>\n<\/tr>\n<tr>\n<td align=\"right\">zdroj: http:\/\/www.varga.szm.com\/images13\/dopravne_znacky1.htm<\/td>\n<\/tr>\n<tr>\n<td align=\"left\">Pr\u00edloha C<\/td>\n<\/tr>\n<tr>\n<td align=\"left\"><b>T-sch\u00e9ma<\/b><\/td>\n<\/tr>\n<tr>\n<td align=\"left\">M\u00f4\u017eu by\u0165 cesty, kri\u017eovatky bez dopravn\u00fdch zna\u010diek?<\/td>\n<\/tr>\n<tr>\n<td align=\"center\">\n<table class=\"pismo_vlavo\" border=\"1\" width=\"100%\" cellspacing=\"0\" cellpadding=\"0\" align=\"center\">\n<tbody>\n<tr>\n<th align=\"center\" width=\"50%\"><b>\u00c1NO<\/b><\/th>\n<th align=\"center\"><b>NIE<\/b><\/th>\n<\/tr>\n<tr>\n<td align=\"center\">&#8211; nemuseli by sme sa u\u010di\u0165 v\u0161etky dopravn\u00e9 zna\u010dky naspam\u00e4\u0165 at\u010f.<\/td>\n<td align=\"center\">&#8211; na cest\u00e1ch by pribudlo viac dopravn\u00fdch neh\u00f4d at\u010f.<\/td>\n<\/tr>\n<\/tbody>\n<\/table>\n<\/td>\n<\/tr>\n<\/tbody>\n<\/table>\n<p>&nbsp;<\/p>\n<p>&nbsp;<\/p>\n<\/div>\n<\/div>\n<\/div>\n<\/div>\n<div id=\"footer\" class=\"odkaz_footer\"><\/div>\n","protected":false},"excerpt":{"rendered":"<p>Ako prech\u00e1dza\u0165 cez cestu bezpe\u010dne? Integrovan\u00fd vyu\u010dovac\u00ed projekt (integr\u00e1cia jazykovej a slohovej zlo\u017eky) Autor: Mgr. Dana Cib\u00e1kov\u00e1 \u00a0 \u00a0Ro\u010dn\u00edk: tret\u00ed \u00a0Komunika\u010dn\u00e1 t\u00e9ma: Ako prech\u00e1dza\u0165 cez<\/p>\n","protected":false},"author":1,"featured_media":0,"parent":63,"menu_order":0,"comment_status":"closed","ping_status":"closed","template":"","meta":{"footnotes":""},"class_list":["post-214","page","type-page","status-publish","hentry"],"_links":{"self":[{"href":"https:\/\/indi.unipo.sk\/index.php?rest_route=\/wp\/v2\/pages\/214","targetHints":{"allow":["GET"]}}],"collection":[{"href":"https:\/\/indi.unipo.sk\/index.php?rest_route=\/wp\/v2\/pages"}],"about":[{"href":"https:\/\/indi.unipo.sk\/index.php?rest_route=\/wp\/v2\/types\/page"}],"author":[{"embeddable":true,"href":"https:\/\/indi.unipo.sk\/index.php?rest_route=\/wp\/v2\/users\/1"}],"replies":[{"embeddable":true,"href":"https:\/\/indi.unipo.sk\/index.php?rest_route=%2Fwp%2Fv2%2Fcomments&post=214"}],"version-history":[{"count":3,"href":"https:\/\/indi.unipo.sk\/index.php?rest_route=\/wp\/v2\/pages\/214\/revisions"}],"predecessor-version":[{"id":219,"href":"https:\/\/indi.unipo.sk\/index.php?rest_route=\/wp\/v2\/pages\/214\/revisions\/219"}],"up":[{"embeddable":true,"href":"https:\/\/indi.unipo.sk\/index.php?rest_route=\/wp\/v2\/pages\/63"}],"wp:attachment":[{"href":"https:\/\/indi.unipo.sk\/index.php?rest_route=%2Fwp%2Fv2%2Fmedia&parent=214"}],"curies":[{"name":"wp","href":"https:\/\/api.w.org\/{rel}","templated":true}]}}