{"id":220,"date":"2022-09-24T11:00:41","date_gmt":"2022-09-24T09:00:41","guid":{"rendered":"https:\/\/indi.unipo.sk\/?page_id=220"},"modified":"2022-09-24T11:00:41","modified_gmt":"2022-09-24T09:00:41","slug":"preco-sa-striedaju-rocne-obdobia","status":"publish","type":"page","link":"https:\/\/indi.unipo.sk\/?page_id=220","title":{"rendered":"Pre\u010do sa striedaj\u00fa ro\u010dn\u00e9 obdobia?"},"content":{"rendered":"<div id=\"contentwrap\">\n<div id=\"content\">\n<div id=\"rightcolumn\">\n<div id=\"rightcolumn_page\">\n<p align=\"center\"><span style=\"font-size: x-large;\"><i><b>Pre\u010do sa striedaj\u00fa ro\u010dn\u00e9 obdobia?<\/b><\/i><\/span><\/p>\n<p align=\"center\"><i><b>Integrovan\u00fd vyu\u010dovac\u00ed projekt<\/b><\/i><\/p>\n<p align=\"center\"><i><b>(integr\u00e1cia jazykovej a slohovej zlo\u017eky)<\/b><\/i><\/p>\n<p align=\"center\"><i><b>Autor: Mgr. Dana Cib\u00e1kov\u00e1<\/b><\/i><\/p>\n<table class=\"pismo_vlavo\" border=\"0\" width=\"90%\" cellspacing=\"0\" cellpadding=\"0\" align=\"center\">\n<tbody>\n<tr bgcolor=\"#dba63f\">\n<td><b>\u00a0<\/b><\/td>\n<\/tr>\n<tr bgcolor=\"#dba63f\">\n<td><b>\u00a0Ro\u010dn\u00edk: \u0161tvrt\u00fd<\/b><\/td>\n<\/tr>\n<tr bgcolor=\"#dba63f\">\n<td><b>\u00a0Komunika\u010dn\u00e1 t\u00e9ma: Ro\u010dn\u00e9 obdobia<\/b><\/td>\n<\/tr>\n<tr bgcolor=\"#dba63f\">\n<td>\n<table class=\"pismo_vlavo\" border=\"0\" width=\"100%\" cellspacing=\"1\" cellpadding=\"3\" align=\"center\">\n<tbody>\n<tr>\n<td width=\"10%\"><b>\u00a0U\u010divo:<\/b><\/td>\n<td><b>jazyk<\/b>\u00a0\u2013 slovn\u00e1 z\u00e1soba s\u00favisiaca s komunika\u010dnou t\u00e9mou<\/td>\n<\/tr>\n<tr>\n<td><\/td>\n<td><b>komunik\u00e1cia a sloh<\/b>\u00a0\u2013 rozv\u00edjanie recep\u010dn\u00fdch zru\u010dnost\u00ed pri pr\u00e1ci s vecn\u00fdm textom, reprodukovanie vecn\u00e9ho textu.<\/td>\n<\/tr>\n<tr>\n<td><b>\u00a0Ciele:<br \/>\n<\/b><\/td>\n<td><b>jazyk<\/b>\u00a0\u2013 Porozumie\u0165 v\u00fdznamu odborn\u00fdch slov v texte (v integr\u00e1cii s u\u010divom pr\u00edrodovedy).<\/td>\n<\/tr>\n<tr>\n<td><b>\u00a0<\/b><\/td>\n<td><b>komunik\u00e1cia a sloh<\/b>\u00a0\u2013 Stimulova\u0165 \u00farovne porozumenia textu \u2013 schopnos\u0165 identifikova\u0165, dedukova\u0165, interpretova\u0165, integrova\u0165, analyzova\u0165 a hodnoti\u0165 text.<\/td>\n<\/tr>\n<\/tbody>\n<\/table>\n<\/td>\n<\/tr>\n<tr bgcolor=\"#dba63f\">\n<td><b>U\u010debn\u00e9 pom\u00f4cky a didaktick\u00e1 technika:<\/b><br \/>\nvecn\u00fd text, informa\u010dno-komunika\u010dn\u00e9 technol\u00f3gie, Kr\u00e1tky slovn\u00edk slovensk\u00e9ho jazyka (jeho internetov\u00e1 verzia), encyklop\u00e9die<\/td>\n<\/tr>\n<tr bgcolor=\"#dba63f\">\n<td><\/td>\n<\/tr>\n<tr bgcolor=\"#dbaa4b\">\n<td align=\"center\"><b>\u00a0<\/b><\/td>\n<\/tr>\n<tr bgcolor=\"#dbaa4b\">\n<td align=\"center\"><b>Metodick\u00fd postup:<\/b><\/td>\n<\/tr>\n<tr bgcolor=\"#dbaa4b\">\n<td align=\"center\"><\/td>\n<\/tr>\n<tr bgcolor=\"#dbaa4b\">\n<td align=\"center\">V projekte sa uplat\u0148uj\u00fa f\u00e1zy r\u00e1mca E \u2013 U \u2013 R (evok\u00e1cia \u2013 uvedomovanie si v\u00fdznamu \u2013 reflexia), ktor\u00e9 s\u00fa graficky spracovan\u00e9 v troch odli\u0161n\u00fdch farebn\u00fdch poliach.<\/td>\n<\/tr>\n<tr bgcolor=\"#dbaa4b\">\n<td align=\"center\"><b>\u00a0<\/b><\/td>\n<\/tr>\n<tr bgcolor=\"#dbaa4b\">\n<td align=\"center\">\n<table class=\"pismo_vlavo\" border=\"0\" width=\"40%\" cellspacing=\"3\" cellpadding=\"3\" align=\"center\">\n<tbody>\n<tr>\n<td width=\"5%\"><b>E<\/b><\/td>\n<td bgcolor=\"#e7e6ae\"><\/td>\n<td bgcolor=\"#f4f4d3\"><\/td>\n<td>Evok\u00e1cia<\/td>\n<\/tr>\n<tr>\n<td><b>U<\/b><\/td>\n<td bgcolor=\"#e8e786\"><\/td>\n<td bgcolor=\"#efeea2\"><\/td>\n<td>Uvedomovanie si v\u00fdznamu<\/td>\n<\/tr>\n<tr>\n<td><b>R<\/b><\/td>\n<td bgcolor=\"#efd299\"><\/td>\n<td bgcolor=\"#f6e2ba\"><\/td>\n<td>Reflexia<\/td>\n<\/tr>\n<\/tbody>\n<\/table>\n<\/td>\n<\/tr>\n<tr bgcolor=\"#dbaa4b\">\n<td align=\"center\"><b>\u00a0<\/b><\/td>\n<\/tr>\n<tr bgcolor=\"#dbaa4b\">\n<td align=\"center\">\n<table class=\"pismo_vlavo\" border=\"0\" width=\"90%\" cellspacing=\"0\" cellpadding=\"3\" align=\"center\">\n<tbody>\n<tr>\n<td align=\"center\" bgcolor=\"\" width=\"15%\"><span style=\"color: green;\"><b>F\u00e1zy projektu<\/b><\/span><\/td>\n<td align=\"center\" bgcolor=\"\"><b>Opis aktiv\u00edt a ich zd\u00f4vodnenie<\/b><\/td>\n<td align=\"center\" bgcolor=\"\" width=\"15%\"><span style=\"color: brown;\"><b>Pou\u017eit\u00e9 met\u00f3dy<\/b><\/span><\/td>\n<\/tr>\n<\/tbody>\n<\/table>\n<\/td>\n<\/tr>\n<tr bgcolor=\"#dbaa4b\">\n<td><\/td>\n<\/tr>\n<tr>\n<td>\n<table class=\"pismo_vlavo\" border=\"0\" width=\"100%\" cellspacing=\"0\" cellpadding=\"3\" align=\"center\">\n<tbody>\n<tr>\n<td bgcolor=\"#e7e6ae\"><\/td>\n<td bgcolor=\"#e7e6ae\"><\/td>\n<td bgcolor=\"#f4f4d3\"><\/td>\n<\/tr>\n<tr>\n<td bgcolor=\"#e7e6ae\"><\/td>\n<td bgcolor=\"#e7e6ae\"><b>1.<\/b>\u00a0Poskladajte z p\u00edsmen slov\u00e1, ktor\u00e9 maj\u00fa v\u00fdznam. Pou\u017eite pritom v\u0161etky p\u00edsmen\u00e1 (pr\u00edloha A).<\/td>\n<td bgcolor=\"#f4f4d3\"><span style=\"color: brown;\">slovn\u00e1 hra<\/span><\/td>\n<\/tr>\n<tr>\n<td bgcolor=\"#e7e6ae\"><span style=\"color: green;\"><b>\u00a0EVOK\u00c1CIA<\/b><\/span><\/td>\n<td bgcolor=\"#e7e6ae\"><b>2.<\/b>\u00a0Ak\u00e9 ro\u010dn\u00e9 obdobia pozn\u00e1te? Ktor\u00e9 z ro\u010dn\u00fdch obdob\u00ed m\u00e1te najrad\u0161ej?<\/td>\n<td bgcolor=\"#f4f4d3\"><span style=\"color: brown;\">rozhovor<\/span><\/td>\n<\/tr>\n<tr>\n<td bgcolor=\"#e7e6ae\"><\/td>\n<td bgcolor=\"#e7e6ae\"><b>3.<\/b>\u00a0Do tabu\u013eky nap\u00ed\u0161te, \u010do o ro\u010dn\u00fdch obdobiach viete (pr\u00edloha B).<\/td>\n<td bgcolor=\"#f4f4d3\"><span style=\"color: brown;\">tabu\u013eka V \u2013 D \u2013 CH<\/span><\/td>\n<\/tr>\n<tr>\n<td bgcolor=\"#e7e6ae\"><\/td>\n<td bgcolor=\"#e7e6ae\"><b>4.<\/b>\u00a0Pozorne si pre\u010d\u00edtajte nasleduj\u00faci text (pr\u00edloha C).<\/td>\n<td bgcolor=\"#f4f4d3\"><span style=\"color: brown;\">tich\u00e9 \u010d\u00edtanie<\/span><\/td>\n<\/tr>\n<tr>\n<td bgcolor=\"#e7e6ae\"><\/td>\n<td bgcolor=\"#e7e6ae\"><\/td>\n<td bgcolor=\"#f4f4d3\"><\/td>\n<\/tr>\n<tr>\n<td bgcolor=\"#e8e786\"><\/td>\n<td bgcolor=\"#e8e786\"><\/td>\n<td bgcolor=\"#efeea2\"><\/td>\n<\/tr>\n<tr>\n<td bgcolor=\"#e8e786\"><span style=\"color: green;\"><b>\u00a0<\/b><\/span><\/td>\n<td bgcolor=\"#e8e786\"><b>5.<\/b>\u00a0Povedzte, o \u010dom ste sa v texte do\u010d\u00edtali.<\/td>\n<td bgcolor=\"#efeea2\"><span style=\"color: brown;\">vo\u013en\u00e1 reprodukcia textu<\/span><\/td>\n<\/tr>\n<tr>\n<td bgcolor=\"#e8e786\"><span style=\"color: green;\"><b>\u00a0<\/b><\/span><\/td>\n<td bgcolor=\"#e8e786\"><b>V\u00fdzvovo-ot\u00e1zkov\u00e9 podnety na porozumenie textu<\/b><\/td>\n<td bgcolor=\"#efeea2\"><span style=\"color: brown;\">\u00a0<\/span><\/td>\n<\/tr>\n<tr>\n<td bgcolor=\"#e8e786\"><\/td>\n<td bgcolor=\"#e8e786\"><b>6.<\/b><\/td>\n<td bgcolor=\"#efeea2\"><span style=\"color: brown;\">\u00a0<\/span><\/td>\n<\/tr>\n<tr>\n<td bgcolor=\"#e8e786\"><\/td>\n<td bgcolor=\"#e8e786\">a)\u00a0Ak\u00fd n\u00e1sledok m\u00e1 kr\u00fa\u017eenie Zeme okolo Slnka?<\/td>\n<td bgcolor=\"#efeea2\"><span style=\"color: brown;\">identifikovanie a dedukovanie<\/span><\/td>\n<\/tr>\n<tr>\n<td bgcolor=\"#e8e786\"><\/td>\n<td bgcolor=\"#e8e786\">b)\u00a0Ktor\u00e9 ro\u010dn\u00e9 obdobia sa striedaj\u00fa na Zemi?<\/td>\n<td bgcolor=\"#efeea2\"><span style=\"color: brown;\">\u00a0<\/span><\/td>\n<\/tr>\n<tr>\n<td bgcolor=\"#e8e786\"><\/td>\n<td bgcolor=\"#e8e786\">c)\u00a0Na ktor\u00fdch miestach na Zemi s\u00fa ro\u010dn\u00e9 obdobia st\u00e1le rovnak\u00e9?<\/td>\n<td bgcolor=\"#efeea2\"><span style=\"color: brown;\">\u00a0<\/span><\/td>\n<\/tr>\n<tr>\n<td bgcolor=\"#e8e786\"><\/td>\n<td bgcolor=\"#e8e786\"><\/td>\n<td bgcolor=\"#efeea2\"><span style=\"color: brown;\">porozumenie v\u00fdznamu slov<\/span><\/td>\n<\/tr>\n<tr>\n<td bgcolor=\"#e8e786\"><\/td>\n<td bgcolor=\"#e8e786\">d)\u00a0Vysvetlite v\u00fdznam slov\u00a0<i>rovn\u00edk, p\u00f3l, rozpt\u00fdlen\u00e9 l\u00fa\u010de<\/i>. V\u00fdznamy si overte v Kr\u00e1tkom slovn\u00edku slovensk\u00e9ho jazyka.<\/td>\n<td bgcolor=\"#efeea2\"><span style=\"color: brown;\">lexik\u00e1lne cvi\u010denie<\/p>\n<p><\/span><\/td>\n<\/tr>\n<tr>\n<td bgcolor=\"#e8e786\"><span style=\"color: green;\"><b>\u00a0UVEDOMOVANIE SI V\u00ddZNAMU<\/b><\/span><\/td>\n<td bgcolor=\"#e8e786\">e)\u00a0Vyh\u013eadajte v texte slov\u00e1, ktor\u00e9 vznikli zlo\u017een\u00edm dvoch slov\u00a0<i>(pologu\u013ea, medziobdobie)<\/i>. Pre\u010do sa volaj\u00fa pr\u00e1ve tak?<\/td>\n<td bgcolor=\"#efeea2\"><span style=\"color: brown;\">slovotvorn\u00e9 cvi\u010denie<\/p>\n<p><\/span><\/td>\n<\/tr>\n<tr>\n<td bgcolor=\"#e8e786\"><\/td>\n<td bgcolor=\"#e8e786\">f)\u00a0Zd\u00f4vodnite, pre\u010do sa v texte slovo Slnko\u00a0<i>p\u00ed\u0161e s ve\u013ek\u00fdm S.<\/i>\u00a0Uve\u010fte \u010fal\u0161\u00ed podobn\u00fd pr\u00edklad.<\/td>\n<td bgcolor=\"#efeea2\"><span style=\"color: brown;\">pravopisn\u00e9 cvi\u010denie<\/p>\n<p><\/span><\/td>\n<\/tr>\n<tr>\n<td bgcolor=\"#e8e786\"><\/td>\n<td bgcolor=\"#e8e786\">g)\u00a0Bli\u017e\u0161ie charakterizujte ro\u010dn\u00e9 obdobia, ak\u00e9 maj\u00fa po\u010dasie, ako vyzer\u00e1 pr\u00edroda, ak\u00e9 aktivity m\u00f4\u017eeme vykon\u00e1va\u0165 a pod.<\/td>\n<td bgcolor=\"#efeea2\"><span style=\"color: brown;\">integrovanie<\/p>\n<p><\/span><\/td>\n<\/tr>\n<tr>\n<td bgcolor=\"#e8e786\"><\/td>\n<td bgcolor=\"#e8e786\">h)\u00a0Op\u00ed\u0161te f\u00e1zy, ako kr\u00fa\u017ei Zem okolo Slnka a ako sa po\u010das toho ro\u010dn\u00e9 obdobia striedaj\u00fa.<\/td>\n<td bgcolor=\"#efeea2\"><span style=\"color: brown;\">interpretovanie<\/p>\n<p><\/span><\/td>\n<\/tr>\n<tr>\n<td bgcolor=\"#e8e786\"><\/td>\n<td bgcolor=\"#e8e786\">i)\u00a0Ak by ste boli vy autormi \u010dl\u00e1nku o striedan\u00ed ro\u010dn\u00fdch obdob\u00ed, \u010do by ste do textu doplnili?<\/td>\n<td bgcolor=\"#efeea2\"><span style=\"color: brown;\">analyzovanie a hodnotenie<\/p>\n<p><\/span><\/td>\n<\/tr>\n<tr>\n<td bgcolor=\"#e8e786\"><\/td>\n<td bgcolor=\"#e8e786\"><b>7.<\/b>\u00a0Dop\u00ed\u0161te do tabu\u013eky V \u2013 D \u2013 CH, \u010do nov\u00e9 ste sa z textu dozvedeli.<\/td>\n<td bgcolor=\"#efeea2\"><span style=\"color: brown;\">tabu\u013eka V \u2013 D \u2013 CH<\/span><\/td>\n<\/tr>\n<tr>\n<td bgcolor=\"#e8e786\"><\/td>\n<td bgcolor=\"#e8e786\"><\/td>\n<td bgcolor=\"#efeea2\"><\/td>\n<\/tr>\n<tr>\n<td bgcolor=\"#efd299\"><\/td>\n<td bgcolor=\"#efd299\"><\/td>\n<td bgcolor=\"#f6e2ba\"><\/td>\n<\/tr>\n<tr>\n<td bgcolor=\"#efd299\"><span style=\"color: green;\"><b>\u00a0<\/b><\/span><\/td>\n<td bgcolor=\"#efd299\"><b>8.<\/b><\/td>\n<td bgcolor=\"#f6e2ba\"><\/td>\n<\/tr>\n<tr>\n<td bgcolor=\"#efd299\"><span style=\"color: green;\"><b>\u00a0<\/b><\/span><\/td>\n<td bgcolor=\"#efd299\">a)\u00a0\u010co si mysl\u00edte o tom, keby sa ro\u010dn\u00e9 obdobia u n\u00e1s nestriedali a mali by sme iba jedno ro\u010dn\u00e9 obdobie? Ktor\u00e9 obdobie by ste si vybrali?<\/td>\n<td bgcolor=\"#f6e2ba\"><span style=\"color: brown;\">probl\u00e9mov\u00e1 \u00faloha<\/span><\/td>\n<\/tr>\n<tr>\n<td bgcolor=\"#efd299\"><span style=\"color: green;\"><b>\u00a0<\/b><\/span><\/td>\n<td bgcolor=\"#efd299\">b)\u00a0Svoje tvrdenia zap\u00ed\u0161te do sch\u00e9my pod\u013ea toho, ako zd\u00f4vodn\u00edte v\u00fdhody a nev\u00fdhody tak\u00e9hoto rie\u0161enia (pr\u00edloha D).<\/td>\n<td bgcolor=\"#f6e2ba\"><span style=\"color: brown;\">T-sch\u00e9ma<\/span><\/td>\n<\/tr>\n<tr>\n<td bgcolor=\"#efd299\"><span style=\"color: green;\"><b>\u00a0REFLEXIA<\/b><\/span><\/td>\n<td bgcolor=\"#efd299\"><b>9.<\/b>\u00a0Over\u00edme si, ako ste porozumeli inform\u00e1ci\u00e1m z textu. Dopl\u0148te vhodn\u00e9 slov\u00e1 tam, kde sa nach\u00e1dza vodorovn\u00e1 \u010diara (pr\u00edloha E).<\/td>\n<td bgcolor=\"#f6e2ba\"><span style=\"color: brown;\">cloze-test<\/span><\/td>\n<\/tr>\n<tr>\n<td bgcolor=\"#efd299\"><\/td>\n<td bgcolor=\"#efd299\"><b>10.<\/b><\/td>\n<td bgcolor=\"#f6e2ba\"><\/td>\n<\/tr>\n<tr>\n<td bgcolor=\"#efd299\"><\/td>\n<td bgcolor=\"#efd299\">a)\u00a0Vyberte si jedno ro\u010dn\u00e9 obdobie. V encyklop\u00e9di\u00e1ch, na internete, vyh\u013eadajte inform\u00e1cie, ktor\u00e9 s\u00favisia s ro\u010dn\u00fdm obdob\u00edm a ktor\u00e9 sa v texte nenach\u00e1dzali.<\/td>\n<td bgcolor=\"#f6e2ba\"><span style=\"color: brown;\">informa\u010dn\u00e9 vyu\u017eitie IKT<br \/>\nskupinov\u00e1 pr\u00e1ca<\/span><\/td>\n<\/tr>\n<tr>\n<td bgcolor=\"#efd299\"><\/td>\n<td bgcolor=\"#efd299\">b) Inform\u00e1cie, ktor\u00e9 ste vyh\u013eadali, zap\u00ed\u0161te do tabu\u013eky V \u2013 D \u2013 CH. Na \u010do n\u00e1m sl\u00fa\u017eila t\u00e1to tabu\u013eka?<\/td>\n<td bgcolor=\"#f6e2ba\"><span style=\"color: brown;\">tabu\u013eka V \u2013 D \u2013 CH<\/span><\/td>\n<\/tr>\n<tr>\n<td bgcolor=\"#efd299\"><\/td>\n<td bgcolor=\"#efd299\"><\/td>\n<td bgcolor=\"#f6e2ba\"><\/td>\n<\/tr>\n<\/tbody>\n<\/table>\n<\/td>\n<\/tr>\n<tr bgcolor=\"#dba63f\">\n<td align=\"left\"><\/td>\n<\/tr>\n<tr bgcolor=\"#dba63f\">\n<td align=\"justify\">Pozn.: V integrovanom vyu\u010dovacom projekte sa realizuje\u00a0<b>medzipredmetov\u00e1 integr\u00e1cia<\/b>\u00a0s pr\u00edrodovedou a\u00a0<b>medzizlo\u017ekov\u00e1 integr\u00e1cia<\/b>\u00a0jazykovej a slohovej zlo\u017eky. Integrovan\u00fd projekt je zameran\u00fd na stimulovanie jednotliv\u00fdch \u00farovn\u00ed porozumenia vecn\u00e9ho textu \u2013 schopnos\u0165 identifikova\u0165, dedukova\u0165, interpretova\u0165, integrova\u0165, analyzova\u0165 a hodnoti\u0165 text. Tabu\u013eka V \u2013 D \u2013 CH (viem, dozvedel som sa, chcem vedie\u0165) podporuje tak porozumenie dan\u00e9mu textu, ako aj vytv\u00e1ranie metakognit\u00edvnej strat\u00e9gie, ktor\u00fa \u017eiak m\u00f4\u017ee vyu\u017ei\u0165 pri sprac\u00favan\u00ed inform\u00e1ci\u00ed v procese u\u010denia sa.<\/td>\n<\/tr>\n<tr bgcolor=\"#dba63f\">\n<td align=\"left\"><\/td>\n<\/tr>\n<tr>\n<td align=\"left\"><\/td>\n<\/tr>\n<tr>\n<td align=\"left\">Pr\u00edloha A<\/td>\n<\/tr>\n<tr>\n<td align=\"center\">\n<table class=\"pismo_vlavo\" border=\"1\" width=\"30%\" cellspacing=\"0\" cellpadding=\"0\" align=\"center\">\n<tbody>\n<tr>\n<td align=\"center\" width=\"20%\"><b>\u010c<\/b><\/td>\n<td align=\"center\" width=\"20%\"><b>R<\/b><\/td>\n<td align=\"center\" width=\"20%\"><b>\u00c9<\/b><\/td>\n<td align=\"center\" width=\"20%\"><b>O<\/b><\/td>\n<td align=\"center\" width=\"20%\"><b>N<\/b><\/td>\n<\/tr>\n<\/tbody>\n<\/table>\n<\/td>\n<\/tr>\n<tr>\n<td><\/td>\n<\/tr>\n<tr>\n<td align=\"center\">\n<table class=\"pismo_vlavo\" border=\"1\" width=\"40%\" cellspacing=\"0\" cellpadding=\"0\" align=\"center\">\n<tbody>\n<tr>\n<td align=\"center\"><b>D<\/b><\/td>\n<td align=\"center\"><b>O<\/b><\/td>\n<td align=\"center\"><b>B<\/b><\/td>\n<td align=\"center\"><b>O<\/b><\/td>\n<td align=\"center\"><b>A<\/b><\/td>\n<td align=\"center\"><b>I<\/b><\/td>\n<td align=\"center\"><b>B<\/b><\/td>\n<\/tr>\n<\/tbody>\n<\/table>\n<\/td>\n<\/tr>\n<tr>\n<td><\/td>\n<\/tr>\n<tr>\n<td align=\"left\">Pr\u00edloha B<\/td>\n<\/tr>\n<tr>\n<td align=\"center\">\n<table class=\"pismo_vlavo\" border=\"1\" width=\"100%\" cellspacing=\"0\" cellpadding=\"0\" align=\"center\">\n<tbody>\n<tr>\n<td align=\"center\" width=\"33%\"><b>viem<\/b><\/td>\n<td align=\"center\"><b>dozvedel som sa<\/b><\/td>\n<td align=\"center\"><b>chcem e\u0161te vedie\u0165<\/b><\/td>\n<\/tr>\n<tr>\n<td align=\"center\"><b><\/p>\n<p><\/b><\/td>\n<td align=\"center\"><b>\u00a0<\/b><\/td>\n<td align=\"center\"><b>\u00a0<\/b><\/td>\n<\/tr>\n<\/tbody>\n<\/table>\n<\/td>\n<\/tr>\n<tr>\n<td><\/td>\n<\/tr>\n<tr>\n<td align=\"left\">Pr\u00edloha C<\/td>\n<\/tr>\n<tr>\n<td align=\"center\"><b>PRE\u010cO SA STRIEDAJ\u00da RO\u010cN\u00c9 OBDOBIA?<\/b><\/td>\n<\/tr>\n<tr>\n<td><\/td>\n<\/tr>\n<tr>\n<td align=\"justify\">\u00a0\u00a0\u00a0\u00a0\u00a0Zem kr\u00fa\u017ei okolo Slnka naklonen\u00e1 na jeden bok, a to m\u00e1 za n\u00e1sledok striedanie ro\u010dn\u00fdch obdob\u00ed. Leto je na tej pologuli, ktor\u00e1 je naklonen\u00e1 k Slnku, a zima na pologuli odvr\u00e1tenej od Slnka. Jese\u0148 a jar s\u00fa medziobdobia, ke\u010f obidve pologule s\u00fa v rovnakej vzdialenosti od Slnka.<\/td>\n<\/tr>\n<tr>\n<td align=\"justify\">\u00a0\u00a0\u00a0\u00a0\u00a0Ak je na severnej pologuli leto, na ju\u017enej je zima a opa\u010dne. Letn\u00e9 dni s\u00fa dlh\u0161ie ako zimn\u00e9, preto\u017ee pologu\u013ea naklonen\u00e1 k Slnku je dlh\u0161ie vystaven\u00e1 slne\u010dn\u00fdm l\u00fa\u010dom. Na p\u00f3loch s\u00fa slne\u010dn\u00e9 l\u00fa\u010de v\u017edy rozpt\u00fdlen\u00e9, preto je tam ve\u010dn\u00e1 zima a \u013ead. V zime je tam tma takmer 24 hod\u00edn denne. V lete Slnko svieti cel\u00fa noc tak ako cez de\u0148.<\/td>\n<\/tr>\n<tr>\n<td align=\"justify\">\u00a0\u00a0\u00a0\u00a0\u00a0 Rovn\u00edk nie je nikdy odvr\u00e1ten\u00fd od Slnka. Slne\u010dn\u00e9 l\u00fa\u010de svietia priamo na rovn\u00edk, preto je tam v\u017edy hor\u00faco. Krajiny v bl\u00edzkosti rovn\u00edka nemaj\u00fa leto ani zimu. Maj\u00fa len obdobie sucha a obdobie da\u017e\u010fov. V obdob\u00ed da\u017e\u010fov f\u00faka vietor od mora a prin\u00e1\u0161a vlhkos\u0165. V obdob\u00ed sucha veje v opa\u010dnom smere.<\/td>\n<\/tr>\n<tr>\n<td><\/td>\n<\/tr>\n<tr>\n<td><\/td>\n<\/tr>\n<tr>\n<td align=\"justify\">zdroj: KING, C., ELLIOTTOV\u00c1, J.: Obr\u00e1zkov\u00e1 encyklop\u00e9dia. Bratislava: Mlad\u00e9 let\u00e1, 1991, s. 14. ISBN 80-06-00400-5.<\/td>\n<\/tr>\n<tr>\n<td><\/td>\n<\/tr>\n<tr>\n<td align=\"left\">Pr\u00edloha D<\/td>\n<\/tr>\n<tr>\n<td><\/td>\n<\/tr>\n<tr>\n<td align=\"center\">\n<table class=\"pismo_vlavo\" border=\"1\" width=\"100%\" cellspacing=\"0\" cellpadding=\"0\" align=\"center\">\n<tbody>\n<tr>\n<td align=\"center\" width=\"50%\"><b>V\u00fdhody<\/b><\/td>\n<td align=\"center\"><b>Nev\u00fdhody<\/b><\/td>\n<\/tr>\n<tr>\n<td align=\"center\"><b><\/p>\n<p><\/b><\/td>\n<td align=\"center\"><b>\u00a0<\/b><\/td>\n<\/tr>\n<\/tbody>\n<\/table>\n<\/td>\n<\/tr>\n<tr>\n<td><\/td>\n<\/tr>\n<tr>\n<td align=\"left\">Pr\u00edloha E<\/td>\n<\/tr>\n<tr>\n<td><\/td>\n<\/tr>\n<tr>\n<td align=\"center\"><b>PRE\u010cO SA STRIEDAJ\u00da RO\u010cN\u00c9 OBDOBIA?<\/b><\/td>\n<\/tr>\n<tr>\n<td><\/td>\n<\/tr>\n<tr>\n<td align=\"justify\">\u00a0\u00a0\u00a0\u00a0\u00a0 Zem kr\u00fa\u017ei okolo Slnka naklonen\u00e1 na jeden bok, a to m\u00e1 za n\u00e1sledok striedanie ro\u010dn\u00fdch obdob\u00ed. Leto je na tej pologuli, ktor\u00e1 je ________ k Slnku, a zima na pologuli odvr\u00e1tenej od _________. Jese\u0148 a jar s\u00fa medziobdobia, ke\u010f obidve _______ s\u00fa v rovnakej vzdialenosti od Slnka. Ak je na severnej ________ leto, na ju\u017enej je zima a opa\u010dne. _______ dni s\u00fa dlh\u0161ie ako zimn\u00e9, preto\u017ee pologu\u013ea ________ k Slnku je dlh\u0161ie vystaven\u00e1 slne\u010dn\u00fdm l\u00fa\u010dom. Na _______ s\u00fa slne\u010dn\u00e9 l\u00fa\u010de v\u017edy rozpt\u00fdlen\u00e9, preto je tam ve\u010dn\u00e1 ________ a \u013ead. V zime je tam tma takmer 24 ________ denne. V lete Slnko svieti cel\u00fa noc tak ako cez de\u0148.<\/td>\n<\/tr>\n<tr>\n<td><\/td>\n<\/tr>\n<tr>\n<td align=\"justify\">zdroj: KING, C., ELLIOTTOV\u00c1, J.: Obr\u00e1zkov\u00e1 encyklop\u00e9dia. Bratislava: Mlad\u00e9 let\u00e1, 1991, s. 14. ISBN 80-06-00400-5.<\/td>\n<\/tr>\n<tr>\n<td><\/td>\n<\/tr>\n<\/tbody>\n<\/table>\n<p>&nbsp;<\/p>\n<p>&nbsp;<\/p>\n<\/div>\n<\/div>\n<\/div>\n<\/div>\n<div id=\"footer\" class=\"odkaz_footer\"><\/div>\n","protected":false},"excerpt":{"rendered":"<p>Pre\u010do sa striedaj\u00fa ro\u010dn\u00e9 obdobia? Integrovan\u00fd vyu\u010dovac\u00ed projekt (integr\u00e1cia jazykovej a slohovej zlo\u017eky) Autor: Mgr. Dana Cib\u00e1kov\u00e1 \u00a0 \u00a0Ro\u010dn\u00edk: \u0161tvrt\u00fd \u00a0Komunika\u010dn\u00e1 t\u00e9ma: Ro\u010dn\u00e9 obdobia \u00a0U\u010divo:<\/p>\n","protected":false},"author":1,"featured_media":0,"parent":63,"menu_order":0,"comment_status":"closed","ping_status":"closed","template":"","meta":{"footnotes":""},"class_list":["post-220","page","type-page","status-publish","hentry"],"_links":{"self":[{"href":"https:\/\/indi.unipo.sk\/index.php?rest_route=\/wp\/v2\/pages\/220","targetHints":{"allow":["GET"]}}],"collection":[{"href":"https:\/\/indi.unipo.sk\/index.php?rest_route=\/wp\/v2\/pages"}],"about":[{"href":"https:\/\/indi.unipo.sk\/index.php?rest_route=\/wp\/v2\/types\/page"}],"author":[{"embeddable":true,"href":"https:\/\/indi.unipo.sk\/index.php?rest_route=\/wp\/v2\/users\/1"}],"replies":[{"embeddable":true,"href":"https:\/\/indi.unipo.sk\/index.php?rest_route=%2Fwp%2Fv2%2Fcomments&post=220"}],"version-history":[{"count":1,"href":"https:\/\/indi.unipo.sk\/index.php?rest_route=\/wp\/v2\/pages\/220\/revisions"}],"predecessor-version":[{"id":221,"href":"https:\/\/indi.unipo.sk\/index.php?rest_route=\/wp\/v2\/pages\/220\/revisions\/221"}],"up":[{"embeddable":true,"href":"https:\/\/indi.unipo.sk\/index.php?rest_route=\/wp\/v2\/pages\/63"}],"wp:attachment":[{"href":"https:\/\/indi.unipo.sk\/index.php?rest_route=%2Fwp%2Fv2%2Fmedia&parent=220"}],"curies":[{"name":"wp","href":"https:\/\/api.w.org\/{rel}","templated":true}]}}