{"id":255,"date":"2022-09-24T12:02:21","date_gmt":"2022-09-24T10:02:21","guid":{"rendered":"https:\/\/indi.unipo.sk\/?page_id=255"},"modified":"2022-09-24T12:02:26","modified_gmt":"2022-09-24T10:02:26","slug":"preco-sa-slova-volaju-prave-tak","status":"publish","type":"page","link":"https:\/\/indi.unipo.sk\/?page_id=255","title":{"rendered":"Pre\u010do sa slov\u00e1 volaj\u00fa pr\u00e1ve tak?"},"content":{"rendered":"<p style=\"text-align: center;\"><a href=\"https:\/\/indi.unipo.sk\/wp-content\/uploads\/2022\/09\/Prec\u030co-sa-slova\u0301-volaju\u0301-pra\u0301ve-tak.pdf\">Prec\u030co sa slova\u0301 volaju\u0301 pra\u0301ve tak?<\/a><\/p>\n","protected":false},"excerpt":{"rendered":"<p>Prec\u030co sa slova\u0301 volaju\u0301 pra\u0301ve tak?<\/p>\n","protected":false},"author":1,"featured_media":0,"parent":63,"menu_order":0,"comment_status":"closed","ping_status":"closed","template":"","meta":{"footnotes":""},"class_list":["post-255","page","type-page","status-publish","hentry"],"_links":{"self":[{"href":"https:\/\/indi.unipo.sk\/index.php?rest_route=\/wp\/v2\/pages\/255","targetHints":{"allow":["GET"]}}],"collection":[{"href":"https:\/\/indi.unipo.sk\/index.php?rest_route=\/wp\/v2\/pages"}],"about":[{"href":"https:\/\/indi.unipo.sk\/index.php?rest_route=\/wp\/v2\/types\/page"}],"author":[{"embeddable":true,"href":"https:\/\/indi.unipo.sk\/index.php?rest_route=\/wp\/v2\/users\/1"}],"replies":[{"embeddable":true,"href":"https:\/\/indi.unipo.sk\/index.php?rest_route=%2Fwp%2Fv2%2Fcomments&post=255"}],"version-history":[{"count":1,"href":"https:\/\/indi.unipo.sk\/index.php?rest_route=\/wp\/v2\/pages\/255\/revisions"}],"predecessor-version":[{"id":259,"href":"https:\/\/indi.unipo.sk\/index.php?rest_route=\/wp\/v2\/pages\/255\/revisions\/259"}],"up":[{"embeddable":true,"href":"https:\/\/indi.unipo.sk\/index.php?rest_route=\/wp\/v2\/pages\/63"}],"wp:attachment":[{"href":"https:\/\/indi.unipo.sk\/index.php?rest_route=%2Fwp%2Fv2%2Fmedia&parent=255"}],"curies":[{"name":"wp","href":"https:\/\/api.w.org\/{rel}","templated":true}]}}