{"id":30,"date":"2022-08-30T18:20:35","date_gmt":"2022-08-30T16:20:35","guid":{"rendered":"https:\/\/indi.unipo.sk\/?page_id=30"},"modified":"2024-07-28T12:35:30","modified_gmt":"2024-07-28T10:35:30","slug":"projekt-vega","status":"publish","type":"page","link":"https:\/\/indi.unipo.sk\/?page_id=30","title":{"rendered":"Detsk\u00e9 porozumenie textu"},"content":{"rendered":"<p align=\"justify\"><b>N\u00e1zov:<\/b><\/p>\n<p align=\"justify\">Procedur\u00e1lne jazykov\u00e9 znalosti die\u0165a\u0165a o porozumen\u00ed textu<\/p>\n<p>&nbsp;<\/p>\n<p align=\"justify\"><b>\u010c\u00edslo projektu:<\/b><\/p>\n<p align=\"justify\">VEGA 1\/0061\/21<\/p>\n<p>&nbsp;<\/p>\n<p align=\"justify\"><b>Anot\u00e1cia projektu:<\/b><\/p>\n<p align=\"justify\">Projekt m\u00e1 charakter cie\u013eovo orientovan\u00e9ho z\u00e1kladn\u00e9ho lingvistick\u00e9ho v\u00fdskumu s uplatnen\u00edm transdisciplin\u00e1rneho pr\u00edstupu. Cie\u013eom projektu je realizova\u0165 empirick\u00fd v\u00fdskum procedur\u00e1lnych znalost\u00ed die\u0165a\u0165a mlad\u0161ieho \u0161kolsk\u00e9ho veku o procesoch porozumenia textu. Z\u00e1merom rie\u0161ite\u013eov je roz\u0161\u00edri\u0165 doteraj\u0161ie poznanie o implicitn\u00fdch jazykov\u00fdch znalostiach die\u0165a\u0165a a prispie\u0165 k formovaniu vedeckej te\u00f3rie o efekt\u00edvnych postupoch pri rozv\u00edjan\u00ed procesov porozumenia textu v mlad\u0161om \u0161kolskom veku. Teoretick\u00fdm v\u00fdchodiskom v\u00fdskumu s\u00fa modely porozumenia textu a te\u00f3rie inferenci\u00ed. V\u00fdskum nadv\u00e4zuje na relevantn\u00e9 zistenia v\u00fdvinovej psycholingvistiky, kognit\u00edvnej a aplikovanej lingvistiky. V\u00fdskumn\u00fd postup je zalo\u017een\u00fd na kvalitat\u00edvnej metodol\u00f3gii. Vych\u00e1dzaj\u00fac z dvoch z\u00e1kladn\u00fdch typov inferenci\u00ed (automatick\u00e9 a kontrolovan\u00e9 inferencie) bud\u00fa pri zbere d\u00e1t vyu\u017eit\u00e9 online met\u00f3dy (elicita\u010dn\u00e9 techniky, think aloud protokol) a offline met\u00f3dy (paper-and-pencil-task, rozhovor). Z\u00edskan\u00e9 d\u00e1ta sa bud\u00fa sprac\u00fava\u0165 a vyhodnocova\u0165 met\u00f3dou kvalitat\u00edvnej obsahovej anal\u00fdzy.<\/p>\n<p>&nbsp;<\/p>\n<p class=\"p1\"><b>Doba rie\u0161enia projektu:<\/b> 2021 \u2013 2023<span class=\"Apple-converted-space\">\u00a0<\/span><\/p>\n<p>&nbsp;<\/p>\n<p class=\"p1\"><b>Rie\u0161ite\u013esk\u00fd kolekt\u00edv:<\/b><\/p>\n<p class=\"p1\">ved\u00faca projektu: prof. PaedDr. \u013dudmila Lipt\u00e1kov\u00e1, CSc.<\/p>\n<p class=\"p1\">z\u00e1stupky\u0148a ved\u00facej projektu: doc. Mgr. Katar\u00edna Vu\u017e\u0148\u00e1kov\u00e1, PhD.<\/p>\n<p class=\"p1\">spolurie\u0161itelia:<span class=\"Apple-converted-space\">\u00a0<\/span>doc. PaedDr. Martin Klimovi\u010d, PhD., Mgr. Alexandra Brestovi\u010dov\u00e1, PhD., Mgr. D\u00e1vid Dziak, PhD.<span class=\"Apple-converted-space\">, <\/span>Mgr. Eva Gogov\u00e1, PhD., Mgr. Marta Kop\u010d\u00edkov\u00e1, PhD.<span class=\"Apple-converted-space\">, <\/span>Mgr. Juraj Luk\u00e1\u010d, PhD.<\/p>\n<p class=\"p1\">denn\u00e9 doktorandky: Mgr. Nikoleta Lipt\u00e1kov\u00e1 a Mgr. Patr\u00edcia Dziakov\u00e1 (Karni\u0161ov\u00e1)<\/p>\n<p>&nbsp;<\/p>\n<p><strong>V\u00fdstup projektu:<\/strong><b> <\/b><\/p>\n<p><a id=\"LPlnk554793\" href=\"https:\/\/www.unipo.sk\/pedagogicka-fakulta\/katedry\/kklv\/casopis\/obsah-jednotlivych-cisel\/2023-02\"><\/a><a href=\"https:\/\/indi.unipo.sk\/wp-content\/uploads\/2024\/03\/VYSKUM-POROZUMENIA_web.pdf\"><img loading=\"lazy\" decoding=\"async\" class=\"alignnone wp-image-427\" src=\"https:\/\/indi.unipo.sk\/wp-content\/uploads\/2024\/03\/Screenshot-from-2024-03-28-12-09-32.png\" alt=\"\" width=\"275\" height=\"187\" srcset=\"https:\/\/indi.unipo.sk\/wp-content\/uploads\/2024\/03\/Screenshot-from-2024-03-28-12-09-32.png 1303w, https:\/\/indi.unipo.sk\/wp-content\/uploads\/2024\/03\/Screenshot-from-2024-03-28-12-09-32-768x522.png 768w\" sizes=\"auto, (max-width: 275px) 100vw, 275px\" \/><\/a><\/p>\n<p>&nbsp;<\/p>\n<p>Problematika detsk\u00e9ho porozumenia textu bola diskutovan\u00e1 aj na\u00a0 vedeckom semin\u00e1ri <i>V\u00fdskumn\u00e9 a eduka\u010dn\u00e9 aspekty porozumenia textu<\/i>, ktor\u00fd bol organizovan\u00fd v r\u00e1mci rie\u0161enia projektu. V\u00fdstupom vedeck\u00e9ho semin\u00e1ra je tematick\u00e9 \u010d\u00edslo \u010dasopisu <i>O die\u0165ati, jazyku, literat\u00fare<\/i>, 2023\/2, dostupn\u00e9 na: <a id=\"LPlnk554793\" href=\"https:\/\/www.unipo.sk\/pedagogicka-fakulta\/katedry\/kklv\/casopis\/obsah-jednotlivych-cisel\/2023-02\">https:\/\/www.unipo.sk\/pedagogicka-fakulta\/katedry\/kklv\/casopis\/obsah-jednotlivych-cisel\/2023-02<\/a><\/p>\n","protected":false},"excerpt":{"rendered":"<p>N\u00e1zov: Procedur\u00e1lne jazykov\u00e9 znalosti die\u0165a\u0165a o porozumen\u00ed textu &nbsp; \u010c\u00edslo projektu: VEGA 1\/0061\/21 &nbsp; Anot\u00e1cia projektu: Projekt m\u00e1 charakter cie\u013eovo orientovan\u00e9ho z\u00e1kladn\u00e9ho lingvistick\u00e9ho v\u00fdskumu s<\/p>\n","protected":false},"author":1,"featured_media":0,"parent":0,"menu_order":-1,"comment_status":"closed","ping_status":"closed","template":"","meta":{"footnotes":""},"class_list":["post-30","page","type-page","status-publish","hentry"],"_links":{"self":[{"href":"https:\/\/indi.unipo.sk\/index.php?rest_route=\/wp\/v2\/pages\/30","targetHints":{"allow":["GET"]}}],"collection":[{"href":"https:\/\/indi.unipo.sk\/index.php?rest_route=\/wp\/v2\/pages"}],"about":[{"href":"https:\/\/indi.unipo.sk\/index.php?rest_route=\/wp\/v2\/types\/page"}],"author":[{"embeddable":true,"href":"https:\/\/indi.unipo.sk\/index.php?rest_route=\/wp\/v2\/users\/1"}],"replies":[{"embeddable":true,"href":"https:\/\/indi.unipo.sk\/index.php?rest_route=%2Fwp%2Fv2%2Fcomments&post=30"}],"version-history":[{"count":5,"href":"https:\/\/indi.unipo.sk\/index.php?rest_route=\/wp\/v2\/pages\/30\/revisions"}],"predecessor-version":[{"id":452,"href":"https:\/\/indi.unipo.sk\/index.php?rest_route=\/wp\/v2\/pages\/30\/revisions\/452"}],"wp:attachment":[{"href":"https:\/\/indi.unipo.sk\/index.php?rest_route=%2Fwp%2Fv2%2Fmedia&parent=30"}],"curies":[{"name":"wp","href":"https:\/\/api.w.org\/{rel}","templated":true}]}}