{"id":32,"date":"2022-08-30T19:23:19","date_gmt":"2022-08-30T17:23:19","guid":{"rendered":"https:\/\/indi.unipo.sk\/?page_id=32"},"modified":"2024-09-02T19:30:41","modified_gmt":"2024-09-02T17:30:41","slug":"komunikacia-pisanim","status":"publish","type":"page","link":"https:\/\/indi.unipo.sk\/?page_id=32","title":{"rendered":"Komunikujeme p\u00edsan\u00edm"},"content":{"rendered":"<p align=\"justify\"><b>N\u00e1zov:<\/b><\/p>\n<p align=\"justify\">Tvorba podporn\u00fdch didaktick\u00fdch prostriedkov na komunik\u00e1ciu p\u00edsan\u00edm v prim\u00e1rnom vzdel\u00e1van\u00ed (projekt KEGA \u010d. 013PU-4\/2021)<\/p>\n<p>&nbsp;<\/p>\n<p align=\"justify\"><b>Doba rie\u0161enia projektu:<\/b><\/p>\n<p align=\"justify\">2021 \u2013 2023<\/p>\n<p>&nbsp;<\/p>\n<p align=\"justify\"><b>Cie\u013e projektu:<\/b><\/p>\n<p align=\"justify\">Cie\u013eom projektu je navrhn\u00fa\u0165 a pilotne overi\u0165 podporn\u00e9 didaktick\u00e9 prostriedky pre \u017eiaka na komunik\u00e1ciu p\u00edsan\u00edm v 2. a\u017e 4. ro\u010dn\u00edku z\u00e1kladnej \u0161koly. Podporn\u00fdmi didaktick\u00fdmi prostriedkami sa rozumie origin\u00e1lny s\u00fabor met\u00f3d, strat\u00e9gi\u00ed a postupov, ktor\u00e9 pri re\u0161pektovan\u00ed kognit\u00edvnych a komunika\u010dn\u00fdch dispoz\u00edci\u00ed \u017eiaka umo\u017enia mu komunikova\u0165 p\u00edsan\u00edm, p\u00edsan\u00fdm textom vyjadrova\u0165 vlastn\u00e9 my\u0161lienky a tie\u017e reflektova\u0165 svoju textotvorn\u00fa \u010dinnos\u0165. V projekte bud\u00fa vytvoren\u00e9 sady pracovn\u00fdch listov pre \u017eiakov a metodick\u00e9 listy pre u\u010dite\u013eov prim\u00e1rneho vzdel\u00e1vania.<\/p>\n<p>&nbsp;<\/p>\n<p align=\"justify\"><b>Rie\u0161ite\u013esk\u00fd kolekt\u00edv:<\/b><\/p>\n<p align=\"justify\">doc. PaedDr. Martin Klimovi\u010d, PhD. (ved\u00faci projektu), Mgr. Radoslav Rus\u0148\u00e1k, PhD. (z\u00e1stupca ved\u00faceho projektu), prof. PaedDr. \u013dudmila Lipt\u00e1kov\u00e1, CSc., prof. PhDr. Iveta Koval\u010d\u00edkov\u00e1, PhD., prof. PhDr. \u013dudmila Bel\u00e1sov\u00e1, PhD., Mgr. D\u00e1vid Dziak, PhD., Mgr. Iveta \u010cuchtov\u00e1 (doktorandka), Mgr. Lenka Jaru\u0161insk\u00e1 (doktorandka)<\/p>\n<p>&nbsp;<\/p>\n<p align=\"justify\"><b>Medzin\u00e1rodn\u00e1 spolupr\u00e1ca:<\/b><\/p>\n<p align=\"justify\">Katedra \u010desk\u00e9ho jazyka, Pedagogick\u00e1 fakulta, Univerzita Karlova, Praha (\u010cesk\u00e1 republika)<br \/>\nInstytut J\u0119zykoznawstwa, Uniwersytet Opolski, Opole (Po\u013esko)<\/p>\n","protected":false},"excerpt":{"rendered":"<p>N\u00e1zov: Tvorba podporn\u00fdch didaktick\u00fdch prostriedkov na komunik\u00e1ciu p\u00edsan\u00edm v prim\u00e1rnom vzdel\u00e1van\u00ed (projekt KEGA \u010d. 013PU-4\/2021) &nbsp; Doba rie\u0161enia projektu: 2021 \u2013 2023 &nbsp; Cie\u013e projektu:<\/p>\n","protected":false},"author":1,"featured_media":0,"parent":0,"menu_order":-1,"comment_status":"closed","ping_status":"closed","template":"","meta":{"footnotes":""},"class_list":["post-32","page","type-page","status-publish","hentry"],"_links":{"self":[{"href":"https:\/\/indi.unipo.sk\/index.php?rest_route=\/wp\/v2\/pages\/32","targetHints":{"allow":["GET"]}}],"collection":[{"href":"https:\/\/indi.unipo.sk\/index.php?rest_route=\/wp\/v2\/pages"}],"about":[{"href":"https:\/\/indi.unipo.sk\/index.php?rest_route=\/wp\/v2\/types\/page"}],"author":[{"embeddable":true,"href":"https:\/\/indi.unipo.sk\/index.php?rest_route=\/wp\/v2\/users\/1"}],"replies":[{"embeddable":true,"href":"https:\/\/indi.unipo.sk\/index.php?rest_route=%2Fwp%2Fv2%2Fcomments&post=32"}],"version-history":[{"count":3,"href":"https:\/\/indi.unipo.sk\/index.php?rest_route=\/wp\/v2\/pages\/32\/revisions"}],"predecessor-version":[{"id":533,"href":"https:\/\/indi.unipo.sk\/index.php?rest_route=\/wp\/v2\/pages\/32\/revisions\/533"}],"wp:attachment":[{"href":"https:\/\/indi.unipo.sk\/index.php?rest_route=%2Fwp%2Fv2%2Fmedia&parent=32"}],"curies":[{"name":"wp","href":"https:\/\/api.w.org\/{rel}","templated":true}]}}