{"id":37,"date":"2022-08-30T19:29:49","date_gmt":"2022-08-30T17:29:49","guid":{"rendered":"https:\/\/indi.unipo.sk\/?page_id=37"},"modified":"2022-12-19T18:34:34","modified_gmt":"2022-12-19T16:34:34","slug":"encyklopedia-jazyka-pre-deti","status":"publish","type":"page","link":"https:\/\/indi.unipo.sk\/?page_id=37","title":{"rendered":"Encyklop\u00e9dia jazyka pre deti"},"content":{"rendered":"<p align=\"center\"><b>Encyklop\u00e9dia jazyka pre deti<br \/>\n<\/b>\u00a0 KEGA \u010d. 023PU-4\/2012<br \/>\n<b>2012 \u2013 2014<br \/>\n<\/b><\/p>\n<p>&nbsp;<\/p>\n<p><b><i>V\u00fdsledky projektu<\/i><\/b><\/p>\n<p><a href=\"https:\/\/indi.unipo.sk\/wp-content\/uploads\/2022\/12\/vysledky.pdf\"><br \/>\n<img loading=\"lazy\" decoding=\"async\" class=\"wp-image-342 aligncenter\" src=\"https:\/\/indi.unipo.sk\/wp-content\/uploads\/2022\/12\/vysledky.png\" alt=\"\" width=\"505\" height=\"687\" \/><\/a><\/p>\n<p>&nbsp;<\/p>\n<p align=\"justify\"><b>LIPT\u00c1KOV\u00c1, \u013d. a M. KLIMOVI\u010c, eds., 2014. Encyklop\u00e9dia jazyka pre deti. Pre\u0161ov: Pre\u0161ovsk\u00e1 univerzita v Pre\u0161ove, Pedagogick\u00e1 fakulta. 248 s. ISBN 978-80-555-1125-2.<\/b><\/p>\n<p align=\"justify\"><a href=\"https:\/\/indi.unipo.sk\/wp-content\/uploads\/2022\/12\/obalka.pdf\"><img loading=\"lazy\" decoding=\"async\" class=\"wp-image-346 aligncenter\" src=\"https:\/\/indi.unipo.sk\/wp-content\/uploads\/2022\/12\/obalka.png\" alt=\"\" width=\"447\" height=\"601\" \/><\/a><\/p>\n<p align=\"justify\"><a href=\"https:\/\/indi.unipo.sk\/wp-content\/uploads\/2022\/12\/list.pdf\"><img loading=\"lazy\" decoding=\"async\" class=\" wp-image-347 aligncenter\" src=\"https:\/\/indi.unipo.sk\/wp-content\/uploads\/2022\/12\/list.png\" alt=\"\" width=\"454\" height=\"642\" \/><\/a><\/p>\n<p align=\"justify\"><a href=\"https:\/\/indi.unipo.sk\/wp-content\/uploads\/2022\/12\/tiraz.pdf\"><img loading=\"lazy\" decoding=\"async\" class=\" wp-image-349 aligncenter\" src=\"https:\/\/indi.unipo.sk\/wp-content\/uploads\/2022\/12\/tiraz.png\" alt=\"\" width=\"454\" height=\"644\" \/><\/a><\/p>\n<p align=\"justify\"><a href=\"https:\/\/indi.unipo.sk\/wp-content\/uploads\/2022\/12\/obsah.pdf\"><img loading=\"lazy\" decoding=\"async\" class=\" wp-image-350 aligncenter\" src=\"https:\/\/indi.unipo.sk\/wp-content\/uploads\/2022\/12\/obsah.png\" alt=\"\" width=\"457\" height=\"646\" \/><\/a><\/p>\n<p align=\"justify\"><a href=\"https:\/\/indi.unipo.sk\/wp-content\/uploads\/2022\/12\/uvod.pdf\"><img loading=\"lazy\" decoding=\"async\" class=\" wp-image-351 aligncenter\" src=\"https:\/\/indi.unipo.sk\/wp-content\/uploads\/2022\/12\/uvod.png\" alt=\"\" width=\"458\" height=\"650\" \/><\/a><\/p>\n","protected":false},"excerpt":{"rendered":"<p>Encyklop\u00e9dia jazyka pre deti \u00a0 KEGA \u010d. 023PU-4\/2012 2012 \u2013 2014 &nbsp; V\u00fdsledky projektu &nbsp; LIPT\u00c1KOV\u00c1, \u013d. a M. KLIMOVI\u010c, eds., 2014. Encyklop\u00e9dia jazyka pre<\/p>\n","protected":false},"author":1,"featured_media":0,"parent":0,"menu_order":2,"comment_status":"closed","ping_status":"closed","template":"","meta":{"footnotes":""},"class_list":["post-37","page","type-page","status-publish","hentry"],"_links":{"self":[{"href":"https:\/\/indi.unipo.sk\/index.php?rest_route=\/wp\/v2\/pages\/37","targetHints":{"allow":["GET"]}}],"collection":[{"href":"https:\/\/indi.unipo.sk\/index.php?rest_route=\/wp\/v2\/pages"}],"about":[{"href":"https:\/\/indi.unipo.sk\/index.php?rest_route=\/wp\/v2\/types\/page"}],"author":[{"embeddable":true,"href":"https:\/\/indi.unipo.sk\/index.php?rest_route=\/wp\/v2\/users\/1"}],"replies":[{"embeddable":true,"href":"https:\/\/indi.unipo.sk\/index.php?rest_route=%2Fwp%2Fv2%2Fcomments&post=37"}],"version-history":[{"count":9,"href":"https:\/\/indi.unipo.sk\/index.php?rest_route=\/wp\/v2\/pages\/37\/revisions"}],"predecessor-version":[{"id":358,"href":"https:\/\/indi.unipo.sk\/index.php?rest_route=\/wp\/v2\/pages\/37\/revisions\/358"}],"wp:attachment":[{"href":"https:\/\/indi.unipo.sk\/index.php?rest_route=%2Fwp%2Fv2%2Fmedia&parent=37"}],"curies":[{"name":"wp","href":"https:\/\/api.w.org\/{rel}","templated":true}]}}