{"id":42,"date":"2022-08-30T19:31:30","date_gmt":"2022-08-30T17:31:30","guid":{"rendered":"https:\/\/indi.unipo.sk\/?page_id=42"},"modified":"2022-12-19T18:55:16","modified_gmt":"2022-12-19T16:55:16","slug":"dieta-a-slovotvorba","status":"publish","type":"page","link":"https:\/\/indi.unipo.sk\/?page_id=42","title":{"rendered":"Die\u0165a a slovotvorba"},"content":{"rendered":"<p align=\"justify\">Sekcia\u00a0<b><i>Die\u0165a a\u00a0slovotvorba<\/i><\/b>\u00a0je elektronickou kapitolou vysoko\u0161kolskej u\u010debnice Lipt\u00e1kov\u00e1, \u013d. a\u00a0K. Vu\u017e\u0148\u00e1kov\u00e1, 2009.\u00a0<i>Die\u0165a a\u00a0slovotvorba.<\/i>\u00a0Pre\u0161ov: Pre\u0161ovsk\u00e1 univerzita v\u00a0Pre\u0161ove, Pedagogick\u00e1 fakulta. 203 s. ISBN 978-80-555-0072-0. Kapitola obsahuje:<\/p>\n<p align=\"left\">1. Tir\u00e1\u017e, obsah a resum\u00e9 u\u010debnice v slovenskom a v anglickom jazyku.<\/p>\n<p>2.\u00a0<i>Mal\u00fd slovotvorn\u00fd slovn\u00edk<\/i>\u00a0(autorka K. Vu\u017e\u0148\u00e1kov\u00e1), ktor\u00fd sprac\u00fava slovotvorn\u00e9 kateg\u00f3rie n\u00e1zvy ml\u00e1\u010fat, zveli\u010duj\u00face slov\u00e1, zdrobnen\u00e9 slov\u00e1, kateg\u00f3rie s\u00favisiace s\u00a0predponov\u00fdmi slovesami a\u00a0niektor\u00e9 kompozit\u00e1.<\/p>\n<p>3.\u00a0<i>Slovn\u00edk detsk\u00fdch okazionalizmov<\/i>\u00a0(autorka \u013d. Lipt\u00e1kov\u00e1), ktor\u00fd vznikol ako s\u00fa\u010das\u0165 v\u00fdskumu okazionalizmov v\u00a0hovorenej sloven\u010dine (Lipt\u00e1kov\u00e1, \u013d., 2000.\u00a0<i>Okazionalizmy v\u00a0hovorenej sloven\u010dine.<\/i>\u00a0Pre\u0161ov: N\u00e1uka. 145 s. ISBN 80-968202-8-1). Slovn\u00edk obsahuje detsk\u00e9 okazionalizmy roztrieden\u00e9 pod\u013ea veku (pred\u0161kolsk\u00fd vek, mlad\u0161\u00ed \u0161kolsk\u00fd vek, star\u0161\u00ed \u0161kolsk\u00fd vek) a\u00a0uv\u00e1dza lexik\u00e1lny, resp. motiva\u010dn\u00fd v\u00fdznam okazionalizmov spolu s\u00a0exemplifik\u00e1ciami.<\/p>\n<p>&nbsp;<\/p>\n<p style=\"text-align: left;\"><strong>DAS<\/strong><\/p>\n<p style=\"text-align: left;\"><a href=\"https:\/\/indi.unipo.sk\/wp-content\/uploads\/2022\/12\/1.1.pdf\">Tir\u00e1\u017e<\/a><\/p>\n<p style=\"text-align: left;\"><a href=\"https:\/\/indi.unipo.sk\/wp-content\/uploads\/2022\/12\/1.2.pdf\">Obsah<\/a><\/p>\n<p style=\"text-align: left;\"><a href=\"https:\/\/indi.unipo.sk\/wp-content\/uploads\/2022\/12\/1.3.pdf\">Resum\u00e9<\/a><\/p>\n<p style=\"text-align: left;\"><a href=\"https:\/\/indi.unipo.sk\/wp-content\/uploads\/2022\/12\/1.4.1.pdf\">Imprints<\/a><\/p>\n<p style=\"text-align: left;\"><a href=\"https:\/\/indi.unipo.sk\/wp-content\/uploads\/2022\/12\/1.4.2.pdf\">Contents<\/a><\/p>\n<p style=\"text-align: left;\"><a href=\"https:\/\/indi.unipo.sk\/wp-content\/uploads\/2022\/12\/1.4.3.pdf\">Summary<\/a><\/p>\n<p>&nbsp;<\/p>\n<p style=\"text-align: left;\"><strong>Mal\u00fd slovotvorn\u00fd slovn\u00edk<\/strong><\/p>\n<p style=\"text-align: left;\"><a href=\"https:\/\/indi.unipo.sk\/wp-content\/uploads\/2022\/12\/2.1.pdf\">N\u00e1zvy ml\u00e1\u010fat<\/a><\/p>\n<p style=\"text-align: left;\"><a href=\"https:\/\/indi.unipo.sk\/wp-content\/uploads\/2022\/12\/2.2.pdf\">Zveli\u010duj\u00face slov\u00e1<\/a><\/p>\n<p style=\"text-align: left;\"><a href=\"https:\/\/indi.unipo.sk\/wp-content\/uploads\/2022\/12\/2.4.pdf\">Zlo\u017een\u00e9 slov\u00e1<\/a><\/p>\n<p>&nbsp;<\/p>\n<p style=\"text-align: left;\"><strong>Slovn\u00edk detsk\u00fdch okazionalizmov<\/strong><\/p>\n<p style=\"text-align: left;\"><a href=\"https:\/\/indi.unipo.sk\/wp-content\/uploads\/2022\/12\/3.pdf\">Slovn\u00edk detsk\u00fdch okazionalizmov<\/a><\/p>\n<p>&nbsp;<\/p>\n<p>&nbsp;<\/p>\n<p><a href=\"https:\/\/indi.unipo.sk\/wp-content\/uploads\/2022\/12\/das.pdf\"><img loading=\"lazy\" decoding=\"async\" class=\"alignnone size-full wp-image-377\" src=\"https:\/\/indi.unipo.sk\/wp-content\/uploads\/2022\/12\/das.png\" alt=\"\" width=\"2196\" height=\"1534\" srcset=\"https:\/\/indi.unipo.sk\/wp-content\/uploads\/2022\/12\/das.png 2196w, https:\/\/indi.unipo.sk\/wp-content\/uploads\/2022\/12\/das-768x536.png 768w, https:\/\/indi.unipo.sk\/wp-content\/uploads\/2022\/12\/das-1536x1073.png 1536w, https:\/\/indi.unipo.sk\/wp-content\/uploads\/2022\/12\/das-2048x1431.png 2048w\" sizes=\"auto, (max-width: 2196px) 100vw, 2196px\" \/><\/a><\/p>\n","protected":false},"excerpt":{"rendered":"<p>Sekcia\u00a0Die\u0165a a\u00a0slovotvorba\u00a0je elektronickou kapitolou vysoko\u0161kolskej u\u010debnice Lipt\u00e1kov\u00e1, \u013d. a\u00a0K. Vu\u017e\u0148\u00e1kov\u00e1, 2009.\u00a0Die\u0165a a\u00a0slovotvorba.\u00a0Pre\u0161ov: Pre\u0161ovsk\u00e1 univerzita v\u00a0Pre\u0161ove, Pedagogick\u00e1 fakulta. 203 s. ISBN 978-80-555-0072-0. Kapitola obsahuje: 1. Tir\u00e1\u017e,<\/p>\n","protected":false},"author":1,"featured_media":0,"parent":0,"menu_order":1,"comment_status":"closed","ping_status":"closed","template":"","meta":{"footnotes":""},"class_list":["post-42","page","type-page","status-publish","hentry"],"_links":{"self":[{"href":"https:\/\/indi.unipo.sk\/index.php?rest_route=\/wp\/v2\/pages\/42","targetHints":{"allow":["GET"]}}],"collection":[{"href":"https:\/\/indi.unipo.sk\/index.php?rest_route=\/wp\/v2\/pages"}],"about":[{"href":"https:\/\/indi.unipo.sk\/index.php?rest_route=\/wp\/v2\/types\/page"}],"author":[{"embeddable":true,"href":"https:\/\/indi.unipo.sk\/index.php?rest_route=\/wp\/v2\/users\/1"}],"replies":[{"embeddable":true,"href":"https:\/\/indi.unipo.sk\/index.php?rest_route=%2Fwp%2Fv2%2Fcomments&post=42"}],"version-history":[{"count":10,"href":"https:\/\/indi.unipo.sk\/index.php?rest_route=\/wp\/v2\/pages\/42\/revisions"}],"predecessor-version":[{"id":380,"href":"https:\/\/indi.unipo.sk\/index.php?rest_route=\/wp\/v2\/pages\/42\/revisions\/380"}],"wp:attachment":[{"href":"https:\/\/indi.unipo.sk\/index.php?rest_route=%2Fwp%2Fv2%2Fmedia&parent=42"}],"curies":[{"name":"wp","href":"https:\/\/api.w.org\/{rel}","templated":true}]}}