{"id":441,"date":"2024-07-08T07:05:26","date_gmt":"2024-07-08T05:05:26","guid":{"rendered":"https:\/\/indi.unipo.sk\/?page_id=441"},"modified":"2024-07-08T18:57:06","modified_gmt":"2024-07-08T16:57:06","slug":"lingvisticky-model-vyucovania","status":"publish","type":"page","link":"https:\/\/indi.unipo.sk\/?page_id=441","title":{"rendered":"Lingvistick\u00fd model vyu\u010dovania"},"content":{"rendered":"<p><strong>N\u00e1zov projektu:<\/strong> Lingvistick\u00fd kognit\u00edvny model vyu\u010dovania slovensk\u00e9ho jazyka<\/p>\n<p><strong>\u010c\u00edslo projektu:<\/strong> 1\/0469\/24<\/p>\n<p><strong>Anot\u00e1cia projektu:<\/strong><\/p>\n<p align=\"justify\">Projekt m\u00e1 charakter cie\u013eovo orientovan\u00e9ho z\u00e1kladn\u00e9ho lingvistick\u00e9ho v\u00fdskumu z oblasti aplikovanej lingvistiky a jej podoblasti eduka\u010dnej lingvistiky. Cie\u013eom projektu je vypracova\u0165 aktualizovan\u00fd lingvistick\u00fd kognit\u00edvny model vyu\u010dovania slovensk\u00e9ho jazyka v z\u00e1kladnom vzdel\u00e1van\u00ed. Ide o vytvorenie modifikovanej podoby aktu\u00e1lnej lingvistickej te\u00f3rie, ktor\u00e1 zodpoved\u00e1 s\u00fa\u010dasn\u00fdm potreb\u00e1m eduk\u00e1cie slovensk\u00e9ho jazyka v z\u00e1kladnom vzdel\u00e1van\u00ed. V\u00fdskum m\u00e1 teoretick\u00fd charakter a bude uplat\u0148ova\u0165 komplex vedeck\u00fdch \u010dinnost\u00ed. Kvalitat\u00edvnou obsahovou anal\u00fdzou lingvistick\u00fdch v\u00fdskumov vo vz\u0165ahu k\u00a0jazykovo-komunika\u010dn\u00e9mu rozv\u00edjaniu die\u0165a\u0165a sa identifikuj\u00fa v\u00fdznamov\u00e9 kateg\u00f3rie a krit\u00e9ri\u00e1 didaktickej transform\u00e1cie lingvistick\u00e9ho poznania. V\u00fdsledky anal\u00fdzy bud\u00fa n\u00e1sledne us\u00favz\u0165a\u017enen\u00e9 do lingvodidaktick\u00e9ho syst\u00e9mu ako eduka\u010dne podmienenej modifik\u00e1cie v\u00fdchodiskovej lingvistickej te\u00f3rie.<\/p>\n<p><strong>Doba rie\u0161enia projektu:<\/strong> 2024 \u2013 2027<\/p>\n<p><strong>Rie\u0161ite\u013esk\u00fd kolekt\u00edv:<\/strong><\/p>\n<p>ved\u00faca projektu:<\/p>\n<p>prof. PaedDr. \u013dudmila Lipt\u00e1kov\u00e1, CSc., Pre\u0161ovsk\u00e1 univerzita, Pedagogick\u00e1 fakulta<\/p>\n<p>z\u00e1stupca ved\u00facej projektu:<\/p>\n<p>doc. PaedDr. Martin Klimovi\u010d, PhD., Pre\u0161ovsk\u00e1 univerzita, Pedagogick\u00e1 fakulta<\/p>\n<p>rie\u0161itelia:<\/p>\n<p>prof. PaedDr. Milan Ligo\u0161, CSc., Katol\u00edcka univerzita v Ru\u017eomberku, Filozofick\u00e1 fakulta<\/p>\n<p>doc. PaedDr. M\u00e1ria Bel\u00e1kov\u00e1, PhD., Trnavsk\u00e1 univerzita, Pedagogick\u00e1 fakulta<\/p>\n<p>Mgr. Stanislava Sp\u00e1\u010dilov\u00e1, PhD., Pre\u0161ovsk\u00e1 univerzita, Filozofick\u00e1 fakulta<\/p>\n<p>Mgr. Eva Gogov\u00e1, PhD., Pre\u0161ovsk\u00e1 univerzita, Pedagogick\u00e1 fakulta<\/p>\n","protected":false},"excerpt":{"rendered":"<p>N\u00e1zov projektu: Lingvistick\u00fd kognit\u00edvny model vyu\u010dovania slovensk\u00e9ho jazyka \u010c\u00edslo projektu: 1\/0469\/24 Anot\u00e1cia projektu: Projekt m\u00e1 charakter cie\u013eovo orientovan\u00e9ho z\u00e1kladn\u00e9ho lingvistick\u00e9ho v\u00fdskumu z oblasti aplikovanej lingvistiky<\/p>\n","protected":false},"author":1,"featured_media":0,"parent":0,"menu_order":0,"comment_status":"closed","ping_status":"closed","template":"","meta":{"footnotes":""},"class_list":["post-441","page","type-page","status-publish","hentry"],"_links":{"self":[{"href":"https:\/\/indi.unipo.sk\/index.php?rest_route=\/wp\/v2\/pages\/441","targetHints":{"allow":["GET"]}}],"collection":[{"href":"https:\/\/indi.unipo.sk\/index.php?rest_route=\/wp\/v2\/pages"}],"about":[{"href":"https:\/\/indi.unipo.sk\/index.php?rest_route=\/wp\/v2\/types\/page"}],"author":[{"embeddable":true,"href":"https:\/\/indi.unipo.sk\/index.php?rest_route=\/wp\/v2\/users\/1"}],"replies":[{"embeddable":true,"href":"https:\/\/indi.unipo.sk\/index.php?rest_route=%2Fwp%2Fv2%2Fcomments&post=441"}],"version-history":[{"count":4,"href":"https:\/\/indi.unipo.sk\/index.php?rest_route=\/wp\/v2\/pages\/441\/revisions"}],"predecessor-version":[{"id":449,"href":"https:\/\/indi.unipo.sk\/index.php?rest_route=\/wp\/v2\/pages\/441\/revisions\/449"}],"wp:attachment":[{"href":"https:\/\/indi.unipo.sk\/index.php?rest_route=%2Fwp%2Fv2%2Fmedia&parent=441"}],"curies":[{"name":"wp","href":"https:\/\/api.w.org\/{rel}","templated":true}]}}