{"id":456,"date":"2024-07-29T18:22:11","date_gmt":"2024-07-29T16:22:11","guid":{"rendered":"https:\/\/indi.unipo.sk\/?page_id=456"},"modified":"2024-09-02T20:02:57","modified_gmt":"2024-09-02T18:02:57","slug":"priloha-1-evokacne-karty-format-a4-obojstranne-na-vysku-12-tem","status":"publish","type":"page","link":"https:\/\/indi.unipo.sk\/?page_id=456","title":{"rendered":"Pr\u00edloha 1 Evoka\u010dn\u00e9 karty"},"content":{"rendered":"<p>(form\u00e1t A4 obojstranne na v\u00fd\u0161ku, 12 t\u00e9m)<\/p>\n<table style=\"height: auto; width: 100%;\" border=\"1\" cellspacing=\"1\" cellpadding=\"1\">\n<tbody>\n<tr>\n<td width=\"50%\"><a href=\"https:\/\/indi.unipo.sk\/wp-content\/uploads\/2024\/08\/EK-superhrdina.pdf\">Ja superhrdina<\/a><\/td>\n<td><a href=\"https:\/\/indi.unipo.sk\/wp-content\/uploads\/2024\/08\/EK-M\u251c\u2524j-poklad-1.pdf\">M\u00f4j poklad<\/a><\/td>\n<\/tr>\n<tr>\n<td><a href=\"https:\/\/indi.unipo.sk\/wp-content\/uploads\/2024\/08\/EK-Smiech.pdf\">Smiech<\/a><\/td>\n<td><a href=\"https:\/\/indi.unipo.sk\/wp-content\/uploads\/2024\/08\/Ak\u251c\u255cAk\u251c\u0431-som.pdf\">Poviem ti, kto som<\/a><\/td>\n<\/tr>\n<tr>\n<td><a href=\"https:\/\/indi.unipo.sk\/wp-content\/uploads\/2024\/08\/EK-Cestovanie-.pdf\">Cestovanie<\/a><\/td>\n<td><a href=\"https:\/\/indi.unipo.sk\/wp-content\/uploads\/2024\/08\/EK-Na\u253c\u0431a-trieda.pdf\">Na\u0161a trieda<\/a><\/td>\n<\/tr>\n<tr>\n<td><a href=\"https:\/\/indi.unipo.sk\/wp-content\/uploads\/2024\/08\/EK-Tri-\u253c\u255belania.pdf\">Tri \u017eelania<\/a><\/td>\n<td><a href=\"https:\/\/indi.unipo.sk\/wp-content\/uploads\/2024\/08\/EK-Straty-a-n\u251c\u0431lezy.pdf\">Straty a n\u00e1lezy<\/a><\/td>\n<\/tr>\n<tr>\n<td><a href=\"https:\/\/indi.unipo.sk\/wp-content\/uploads\/2024\/08\/EK-\u2500\u041c\u251c\u043dm-chcem-by\u253c\u0435.pdf\">\u010c\u00edm by som chcel by\u0165<\/a><\/td>\n<td><a href=\"https:\/\/indi.unipo.sk\/wp-content\/uploads\/2024\/08\/EK-Netradi\u2500\u041dn\u251c\u0439-blaho\u253c\u255belanie.pdf\">(Ne)tradi\u010dn\u00e9 blaho\u017eelanie<\/a><\/td>\n<\/tr>\n<tr>\n<td><a href=\"https:\/\/indi.unipo.sk\/wp-content\/uploads\/2024\/08\/EK-Priate\u2500\u255bstvo.pdf\">Priate\u013estvo<\/a><\/td>\n<td><a href=\"https:\/\/indi.unipo.sk\/wp-content\/uploads\/2024\/08\/EK-NAJ-JEDLO.pdf\">Naj jedlo<\/a><\/td>\n<\/tr>\n<\/tbody>\n<\/table>\n","protected":false},"excerpt":{"rendered":"<p>(form\u00e1t A4 obojstranne na v\u00fd\u0161ku, 12 t\u00e9m) Ja superhrdina M\u00f4j poklad Smiech Poviem ti, kto som Cestovanie Na\u0161a trieda Tri \u017eelania Straty a n\u00e1lezy \u010c\u00edm<\/p>\n","protected":false},"author":1,"featured_media":0,"parent":32,"menu_order":1,"comment_status":"closed","ping_status":"closed","template":"","meta":{"footnotes":""},"class_list":["post-456","page","type-page","status-publish","hentry"],"_links":{"self":[{"href":"https:\/\/indi.unipo.sk\/index.php?rest_route=\/wp\/v2\/pages\/456","targetHints":{"allow":["GET"]}}],"collection":[{"href":"https:\/\/indi.unipo.sk\/index.php?rest_route=\/wp\/v2\/pages"}],"about":[{"href":"https:\/\/indi.unipo.sk\/index.php?rest_route=\/wp\/v2\/types\/page"}],"author":[{"embeddable":true,"href":"https:\/\/indi.unipo.sk\/index.php?rest_route=\/wp\/v2\/users\/1"}],"replies":[{"embeddable":true,"href":"https:\/\/indi.unipo.sk\/index.php?rest_route=%2Fwp%2Fv2%2Fcomments&post=456"}],"version-history":[{"count":4,"href":"https:\/\/indi.unipo.sk\/index.php?rest_route=\/wp\/v2\/pages\/456\/revisions"}],"predecessor-version":[{"id":611,"href":"https:\/\/indi.unipo.sk\/index.php?rest_route=\/wp\/v2\/pages\/456\/revisions\/611"}],"up":[{"embeddable":true,"href":"https:\/\/indi.unipo.sk\/index.php?rest_route=\/wp\/v2\/pages\/32"}],"wp:attachment":[{"href":"https:\/\/indi.unipo.sk\/index.php?rest_route=%2Fwp%2Fv2%2Fmedia&parent=456"}],"curies":[{"name":"wp","href":"https:\/\/api.w.org\/{rel}","templated":true}]}}