{"id":458,"date":"2024-07-29T18:27:19","date_gmt":"2024-07-29T16:27:19","guid":{"rendered":"https:\/\/indi.unipo.sk\/?page_id=458"},"modified":"2024-09-02T20:02:22","modified_gmt":"2024-09-02T18:02:22","slug":"priloha-2-pracovne-listy-proces-formaty-a3-a-a2-jednostranne-12-tem-3-stupne-narocnosti-verzie-d-ch","status":"publish","type":"page","link":"https:\/\/indi.unipo.sk\/?page_id=458","title":{"rendered":"Pr\u00edloha 2 Pracovn\u00e9 listy Proces"},"content":{"rendered":"<p>(form\u00e1ty A3 a A2 jednostranne, 12 t\u00e9m, 3 stupne n\u00e1ro\u010dnosti, verzie d\/ch)<\/p>\n<table style=\"height: auto; width: 100%;\" border=\"1\" cellspacing=\"1\" cellpadding=\"1\">\n<tbody>\n<tr>\n<td style=\"text-align: center;\" width=\"40%\"><b>T\u00e9ma<\/b><\/td>\n<td style=\"text-align: center;\" colspan=\"2\"><strong>za\u010d\u00ednaj\u00faci<\/strong><\/td>\n<td style=\"text-align: center;\" colspan=\"2\"><strong>\u0161tandard<\/strong><\/td>\n<td style=\"text-align: center;\" colspan=\"2\"><strong>pokro\u010dil\u00fd<\/strong><\/td>\n<\/tr>\n<tr>\n<td><\/td>\n<td style=\"text-align: center;\" colspan=\"2\"><b>form\u00e1t A3<\/b><\/td>\n<td style=\"text-align: center;\" colspan=\"2\"><b>form\u00e1t A3<\/b><\/td>\n<td style=\"text-align: center;\" colspan=\"2\"><b>form\u00e1t A2<\/b><\/td>\n<\/tr>\n<tr>\n<td style=\"text-align: left;\">Ja superhrdina<\/td>\n<td style=\"text-align: center;\" width=\"10%\"><a href=\"https:\/\/indi.unipo.sk\/wp-content\/uploads\/2024\/09\/SuperhrdinaZD.pdf\">d<\/a><\/td>\n<td style=\"text-align: center;\" width=\"10%\"><a href=\"https:\/\/indi.unipo.sk\/wp-content\/uploads\/2024\/09\/SuperhrdinaZCH.pdf\">ch<\/a><\/td>\n<td style=\"text-align: center;\" width=\"10%\"><a href=\"https:\/\/indi.unipo.sk\/wp-content\/uploads\/2024\/09\/Superhrdin\u253c\u0430D.pdf\">D<\/a><\/td>\n<td style=\"text-align: center;\" width=\"10%\"><a href=\"https:\/\/indi.unipo.sk\/wp-content\/uploads\/2024\/09\/Superhrdina\u253c\u0430CH.pdf\">ch<\/a><\/td>\n<td style=\"text-align: center;\" width=\"10%\"><a href=\"https:\/\/indi.unipo.sk\/wp-content\/uploads\/2024\/09\/SuperhrdinaPD.pdf\">d<\/a><\/td>\n<td style=\"text-align: center;\" width=\"10%\"><a href=\"https:\/\/indi.unipo.sk\/wp-content\/uploads\/2024\/09\/SuperhrdinaPCH.pdf\">ch<\/a><\/td>\n<\/tr>\n<tr>\n<td style=\"text-align: left;\">Smiech<\/td>\n<td style=\"text-align: center;\" width=\"10%\"><a href=\"https:\/\/indi.unipo.sk\/wp-content\/uploads\/2024\/09\/SmiechZD.pdf\">d<\/a><\/td>\n<td style=\"text-align: center;\" width=\"10%\"><a href=\"https:\/\/indi.unipo.sk\/wp-content\/uploads\/2024\/09\/SmiechZCH.pdf\">ch<\/a><\/td>\n<td style=\"text-align: center;\" width=\"10%\"><a href=\"https:\/\/indi.unipo.sk\/wp-content\/uploads\/2024\/09\/Smiech\u253c\u0430D.pdf\">D<\/a><\/td>\n<td style=\"text-align: center;\" width=\"10%\"><a href=\"https:\/\/indi.unipo.sk\/wp-content\/uploads\/2024\/09\/Smiech\u253c\u0430CH.pdf\">ch<\/a><\/td>\n<td style=\"text-align: center;\" width=\"10%\"><a href=\"https:\/\/indi.unipo.sk\/wp-content\/uploads\/2024\/09\/SmiechPD.pdf\">d<\/a><\/td>\n<td style=\"text-align: center;\" width=\"10%\"><a href=\"https:\/\/indi.unipo.sk\/wp-content\/uploads\/2024\/09\/SmiechPCH.pdf\">ch<\/a><\/td>\n<\/tr>\n<tr>\n<td style=\"text-align: left;\">Cestovanie<\/td>\n<td style=\"text-align: center;\" width=\"10%\"><a href=\"https:\/\/indi.unipo.sk\/wp-content\/uploads\/2024\/09\/CestovanieZD.pdf\">d<\/a><\/td>\n<td style=\"text-align: center;\" width=\"10%\"><a href=\"https:\/\/indi.unipo.sk\/wp-content\/uploads\/2024\/09\/CestovanieZCH.pdf\">ch<\/a><\/td>\n<td style=\"text-align: center;\" width=\"10%\"><a href=\"https:\/\/indi.unipo.sk\/wp-content\/uploads\/2024\/09\/Cestovanie\u253c\u0430D.pdf\">D<\/a><\/td>\n<td style=\"text-align: center;\" width=\"10%\"><a href=\"https:\/\/indi.unipo.sk\/wp-content\/uploads\/2024\/09\/Cestovanie\u253c\u0430CH.pdf\">ch<\/a><\/td>\n<td style=\"text-align: center;\" width=\"10%\"><a href=\"https:\/\/indi.unipo.sk\/wp-content\/uploads\/2024\/09\/CestovaniePD.pdf\">d<\/a><\/td>\n<td style=\"text-align: center;\" width=\"10%\"><a href=\"https:\/\/indi.unipo.sk\/wp-content\/uploads\/2024\/09\/CestovaniePCH.pdf\">ch<\/a><\/td>\n<\/tr>\n<tr>\n<td style=\"text-align: left;\">Tri \u017eelania<\/td>\n<td style=\"text-align: center;\" width=\"10%\"><a href=\"https:\/\/indi.unipo.sk\/wp-content\/uploads\/2024\/09\/Tri-\u253c\u255belaniaZD.pdf\">d<\/a><\/td>\n<td style=\"text-align: center;\" width=\"10%\"><a href=\"https:\/\/indi.unipo.sk\/wp-content\/uploads\/2024\/09\/Tri-\u253c\u255belaniaZCH.pdf\">ch<\/a><\/td>\n<td style=\"text-align: center;\" width=\"10%\"><a href=\"https:\/\/indi.unipo.sk\/wp-content\/uploads\/2024\/09\/Tri-\u253c\u255belania\u253c\u0430D.pdf\">D<\/a><\/td>\n<td style=\"text-align: center;\" width=\"10%\"><a href=\"https:\/\/indi.unipo.sk\/wp-content\/uploads\/2024\/09\/Tri-\u253c\u255belania\u253c\u0430CH.pdf\">ch<\/a><\/td>\n<td style=\"text-align: center;\" width=\"10%\"><a href=\"https:\/\/indi.unipo.sk\/wp-content\/uploads\/2024\/09\/Tri-\u253c\u255belaniaPD.pdf\">d<\/a><\/td>\n<td style=\"text-align: center;\" width=\"10%\"><a href=\"https:\/\/indi.unipo.sk\/wp-content\/uploads\/2024\/09\/Tri-\u253c\u255belaniaPCH.pdf\">ch<\/a><\/td>\n<\/tr>\n<tr>\n<td style=\"text-align: left;\">Priate\u013estvo<\/td>\n<td style=\"text-align: center;\" width=\"10%\"><a href=\"https:\/\/indi.unipo.sk\/wp-content\/uploads\/2024\/09\/Priate\u2500\u255bstvoZD.pdf\">d<\/a><\/td>\n<td style=\"text-align: center;\" width=\"10%\"><a href=\"https:\/\/indi.unipo.sk\/wp-content\/uploads\/2024\/09\/Priate\u2500\u255bstvoZCH.pdf\">ch<\/a><\/td>\n<td style=\"text-align: center;\" width=\"10%\"><a href=\"https:\/\/indi.unipo.sk\/wp-content\/uploads\/2024\/09\/Priate\u2500\u255bstvo\u253c\u0430D.pdf\">D<\/a><\/td>\n<td style=\"text-align: center;\" width=\"10%\"><a href=\"https:\/\/indi.unipo.sk\/wp-content\/uploads\/2024\/09\/Priate\u2500\u255bstvo\u253c\u0430CH.pdf\">ch<\/a><\/td>\n<td style=\"text-align: center;\" width=\"10%\"><a href=\"https:\/\/indi.unipo.sk\/wp-content\/uploads\/2024\/09\/Priate\u2500\u255bstvoPD.pdf\">d<\/a><\/td>\n<td style=\"text-align: center;\" width=\"10%\"><a href=\"https:\/\/indi.unipo.sk\/wp-content\/uploads\/2024\/09\/Priate\u2500\u255bstvoPCH.pdf\">ch<\/a><\/td>\n<\/tr>\n<tr>\n<td style=\"text-align: left;\">M\u00f4j poklad<\/td>\n<td style=\"text-align: center;\" width=\"10%\"><a href=\"https:\/\/indi.unipo.sk\/wp-content\/uploads\/2024\/09\/M\u251c\u2524j-pokladZD.pdf\">d<\/a><\/td>\n<td style=\"text-align: center;\" width=\"10%\"><a href=\"https:\/\/indi.unipo.sk\/wp-content\/uploads\/2024\/09\/M\u251c\u2524j-pokladZCH.pdf\">ch<\/a><\/td>\n<td style=\"text-align: center;\" width=\"10%\"><a href=\"https:\/\/indi.unipo.sk\/wp-content\/uploads\/2024\/09\/M\u251c\u2524j-poklad\u253c\u0430D.pdf\">D<\/a><\/td>\n<td style=\"text-align: center;\" width=\"10%\"><a href=\"https:\/\/indi.unipo.sk\/wp-content\/uploads\/2024\/09\/M\u251c\u2524j-poklad\u253c\u0430CH.pdf\">ch<\/a><\/td>\n<td style=\"text-align: center;\" width=\"10%\"><a href=\"https:\/\/indi.unipo.sk\/wp-content\/uploads\/2024\/09\/M\u251c\u2524j-pokladPD.pdf\">d<\/a><\/td>\n<td style=\"text-align: center;\" width=\"10%\"><a href=\"https:\/\/indi.unipo.sk\/wp-content\/uploads\/2024\/09\/M\u251c\u2524j-pokladPCH.pdf\">ch<\/a><\/td>\n<\/tr>\n<tr>\n<td style=\"text-align: left;\">Poviem ti, kto som<\/td>\n<td style=\"text-align: center;\" width=\"10%\"><a href=\"https:\/\/indi.unipo.sk\/wp-content\/uploads\/2024\/09\/Ak\u251c\u255c-somZD.pdf\">d<\/a><\/td>\n<td style=\"text-align: center;\" width=\"10%\"><a href=\"https:\/\/indi.unipo.sk\/wp-content\/uploads\/2024\/09\/Ak\u251c\u255c-somZCH.pdf\">ch<\/a><\/td>\n<td style=\"text-align: center;\" width=\"10%\"><a href=\"https:\/\/indi.unipo.sk\/wp-content\/uploads\/2024\/09\/Ak\u251c\u255c-som\u253c\u0430D.pdf\">D<\/a><\/td>\n<td style=\"text-align: center;\" width=\"10%\"><a href=\"https:\/\/indi.unipo.sk\/wp-content\/uploads\/2024\/09\/Ak\u251c\u255c-som\u253c\u0430CH.pdf\">ch<\/a><\/td>\n<td style=\"text-align: center;\" width=\"10%\"><a href=\"https:\/\/indi.unipo.sk\/wp-content\/uploads\/2024\/09\/Ak\u251c\u255c-somPD.pdf\">d<\/a><\/td>\n<td style=\"text-align: center;\" width=\"10%\"><a href=\"https:\/\/indi.unipo.sk\/wp-content\/uploads\/2024\/09\/Ak\u251c\u255c-somPCH.pdf\">ch<\/a><\/td>\n<\/tr>\n<tr>\n<td style=\"text-align: left;\">Na\u0161a trieda<\/td>\n<td style=\"text-align: center;\" width=\"10%\"><a href=\"https:\/\/indi.unipo.sk\/wp-content\/uploads\/2024\/09\/Na\u253c\u0431a-triedaZD.pdf\">d<\/a><\/td>\n<td style=\"text-align: center;\" width=\"10%\"><a href=\"https:\/\/indi.unipo.sk\/wp-content\/uploads\/2024\/09\/Na\u253c\u0431a-triedaZCH.pdf\">ch<\/a><\/td>\n<td style=\"text-align: center;\" width=\"10%\"><a href=\"https:\/\/indi.unipo.sk\/wp-content\/uploads\/2024\/09\/Na\u253c\u0431a-trieda\u253c\u0430D.pdf\">D<\/a><\/td>\n<td style=\"text-align: center;\" width=\"10%\"><a href=\"https:\/\/indi.unipo.sk\/wp-content\/uploads\/2024\/09\/Na\u253c\u0431a-trieda\u253c\u0430CH.pdf\">ch<\/a><\/td>\n<td style=\"text-align: center;\" width=\"10%\"><a href=\"https:\/\/indi.unipo.sk\/wp-content\/uploads\/2024\/09\/Na\u253c\u0431a-triedaPD.pdf\">d<\/a><\/td>\n<td style=\"text-align: center;\" width=\"10%\"><a href=\"https:\/\/indi.unipo.sk\/wp-content\/uploads\/2024\/09\/Na\u253c\u0431a-triedaPCH.pdf\">ch<\/a><\/td>\n<\/tr>\n<tr>\n<td style=\"text-align: left;\">Straty a n\u00e1lezy<\/td>\n<td style=\"text-align: center;\" width=\"10%\"><a href=\"https:\/\/indi.unipo.sk\/wp-content\/uploads\/2024\/09\/Straty-a-n\u251c\u0431lezyZD.pdf\">d<\/a><\/td>\n<td style=\"text-align: center;\" width=\"10%\"><a href=\"https:\/\/indi.unipo.sk\/wp-content\/uploads\/2024\/09\/Straty-a-n\u251c\u0431lezyZCH.pdf\">ch<\/a><\/td>\n<td style=\"text-align: center;\" width=\"10%\"><a href=\"https:\/\/indi.unipo.sk\/wp-content\/uploads\/2024\/09\/Straty-a-n\u251c\u0431lezy\u253c\u0430D.pdf\">D<\/a><\/td>\n<td style=\"text-align: center;\" width=\"10%\"><a href=\"https:\/\/indi.unipo.sk\/wp-content\/uploads\/2024\/09\/Straty-a-n\u251c\u0431lezy\u253c\u0430CH.pdf\">ch<\/a><\/td>\n<td style=\"text-align: center;\" width=\"10%\"><a href=\"https:\/\/indi.unipo.sk\/wp-content\/uploads\/2024\/09\/Straty-a-n\u251c\u0431lezyPD.pdf\">d<\/a><\/td>\n<td style=\"text-align: center;\" width=\"10%\"><a href=\"https:\/\/indi.unipo.sk\/wp-content\/uploads\/2024\/09\/Straty-a-n\u251c\u0431lezyPCH.pdf\">ch<\/a><\/td>\n<\/tr>\n<tr>\n<td style=\"text-align: left;\">(Ne)tradi\u010dn\u00e9 blaho\u017eelanie<\/td>\n<td style=\"text-align: center;\" width=\"10%\"><a href=\"https:\/\/indi.unipo.sk\/wp-content\/uploads\/2024\/09\/Netradi\u2500\u041dn\u251c\u0439-blaho\u253c\u255belanieZD.pdf\">d<\/a><\/td>\n<td style=\"text-align: center;\" width=\"10%\"><a href=\"https:\/\/indi.unipo.sk\/wp-content\/uploads\/2024\/09\/Netradi\u2500\u041dn\u251c\u0439-blaho\u253c\u255belanieZCH.pdf\">ch<\/a><\/td>\n<td style=\"text-align: center;\" width=\"10%\"><a href=\"https:\/\/indi.unipo.sk\/wp-content\/uploads\/2024\/09\/Netradi\u2500\u041dn\u251c\u0439-blaho\u253c\u255belanie\u253c\u0430D.pdf\">D<\/a><\/td>\n<td style=\"text-align: center;\" width=\"10%\"><a href=\"https:\/\/indi.unipo.sk\/wp-content\/uploads\/2024\/09\/Netradi\u2500\u041dn\u251c\u0439-blaho\u253c\u255belanie\u253c\u0430CH.pdf\">ch<\/a><\/td>\n<td style=\"text-align: center;\" width=\"10%\"><a href=\"https:\/\/indi.unipo.sk\/wp-content\/uploads\/2024\/09\/Netradi\u2500\u041dn\u251c\u0439-blaho\u253c\u255belaniePD.pdf\">d<\/a><\/td>\n<td style=\"text-align: center;\" width=\"10%\"><a href=\"https:\/\/indi.unipo.sk\/wp-content\/uploads\/2024\/09\/Netradi\u2500\u041dn\u251c\u0439-blaho\u253c\u255belaniePCH.pdf\">ch<\/a><\/td>\n<\/tr>\n<tr>\n<td style=\"text-align: left;\">Naj jedlo<\/td>\n<td style=\"text-align: center;\" width=\"10%\"><a href=\"https:\/\/indi.unipo.sk\/wp-content\/uploads\/2024\/09\/Naj-jedloZD.pdf\">d<\/a><\/td>\n<td style=\"text-align: center;\" width=\"10%\"><a href=\"https:\/\/indi.unipo.sk\/wp-content\/uploads\/2024\/09\/Naj-jedloZCH.pdf\">ch<\/a><\/td>\n<td style=\"text-align: center;\" width=\"10%\"><a href=\"https:\/\/indi.unipo.sk\/wp-content\/uploads\/2024\/09\/Naj-jedlo\u253c\u0430D.pdf\">D<\/a><\/td>\n<td style=\"text-align: center;\" width=\"10%\"><a href=\"https:\/\/indi.unipo.sk\/wp-content\/uploads\/2024\/09\/Naj-jedlo\u253c\u0430CH.pdf\">ch<\/a><\/td>\n<td style=\"text-align: center;\" width=\"10%\"><a href=\"https:\/\/indi.unipo.sk\/wp-content\/uploads\/2024\/09\/Naj-jedloPD.pdf\">d<\/a><\/td>\n<td style=\"text-align: center;\" width=\"10%\"><a href=\"https:\/\/indi.unipo.sk\/wp-content\/uploads\/2024\/09\/Naj-jedloPCH.pdf\">ch<\/a><\/td>\n<\/tr>\n<\/tbody>\n<\/table>\n<p>Pozn.: d \u2013 verzia PL pre diev\u010da, ch \u2013 verzia PL pre chlapca.<\/p>\n","protected":false},"excerpt":{"rendered":"<p>(form\u00e1ty A3 a A2 jednostranne, 12 t\u00e9m, 3 stupne n\u00e1ro\u010dnosti, verzie d\/ch) T\u00e9ma za\u010d\u00ednaj\u00faci \u0161tandard pokro\u010dil\u00fd form\u00e1t A3 form\u00e1t A3 form\u00e1t A2 Ja superhrdina d<\/p>\n","protected":false},"author":1,"featured_media":0,"parent":32,"menu_order":2,"comment_status":"closed","ping_status":"closed","template":"","meta":{"footnotes":""},"class_list":["post-458","page","type-page","status-publish","hentry"],"_links":{"self":[{"href":"https:\/\/indi.unipo.sk\/index.php?rest_route=\/wp\/v2\/pages\/458","targetHints":{"allow":["GET"]}}],"collection":[{"href":"https:\/\/indi.unipo.sk\/index.php?rest_route=\/wp\/v2\/pages"}],"about":[{"href":"https:\/\/indi.unipo.sk\/index.php?rest_route=\/wp\/v2\/types\/page"}],"author":[{"embeddable":true,"href":"https:\/\/indi.unipo.sk\/index.php?rest_route=\/wp\/v2\/users\/1"}],"replies":[{"embeddable":true,"href":"https:\/\/indi.unipo.sk\/index.php?rest_route=%2Fwp%2Fv2%2Fcomments&post=458"}],"version-history":[{"count":4,"href":"https:\/\/indi.unipo.sk\/index.php?rest_route=\/wp\/v2\/pages\/458\/revisions"}],"predecessor-version":[{"id":610,"href":"https:\/\/indi.unipo.sk\/index.php?rest_route=\/wp\/v2\/pages\/458\/revisions\/610"}],"up":[{"embeddable":true,"href":"https:\/\/indi.unipo.sk\/index.php?rest_route=\/wp\/v2\/pages\/32"}],"wp:attachment":[{"href":"https:\/\/indi.unipo.sk\/index.php?rest_route=%2Fwp%2Fv2%2Fmedia&parent=458"}],"curies":[{"name":"wp","href":"https:\/\/api.w.org\/{rel}","templated":true}]}}