{"id":460,"date":"2024-07-29T18:29:39","date_gmt":"2024-07-29T16:29:39","guid":{"rendered":"https:\/\/indi.unipo.sk\/?page_id=460"},"modified":"2024-09-02T20:03:43","modified_gmt":"2024-09-02T18:03:43","slug":"priloha-3-pracovne-listy-citame-a-piseme-o-pisani-format-a4-obojstranne-na-sirku-10-tem","status":"publish","type":"page","link":"https:\/\/indi.unipo.sk\/?page_id=460","title":{"rendered":"Pr\u00edloha 3 Pracovn\u00e9 listy \u010c\u00edtame a p\u00ed\u0161eme o p\u00edsan\u00ed"},"content":{"rendered":"<p>(form\u00e1t A4 obojstranne na \u0161\u00edrku, 10 t\u00e9m)<\/p>\n<table style=\"height: auto; width: 100%;\" border=\"1\" cellspacing=\"1\" cellpadding=\"1\">\n<tbody>\n<tr>\n<td width=\"50%\"><a href=\"https:\/\/indi.unipo.sk\/wp-content\/uploads\/2024\/08\/\u2500\u041caPoP-N\u251c\u0431pad-je-nad-zlato.pdf\">N\u00e1pad je nad zlato<\/a><\/td>\n<td><a href=\"https:\/\/indi.unipo.sk\/wp-content\/uploads\/2024\/08\/\u2500\u041caPoP-Adres\u251c\u0431t-je-d\u251c\u2524le\u253c\u255bit\u251c\u255c.pdf\">Adres\u00e1t je d\u00f4le\u017eit\u00fd<\/a><\/td>\n<\/tr>\n<tr>\n<td><a href=\"https:\/\/indi.unipo.sk\/wp-content\/uploads\/2024\/08\/\u2500\u041caPoP-M\u251c\u0431me-v-hlave-stroj\u2500\u041dek.pdf\">M\u00e1me v hlav\u00e1ch stroj\u010deky?<\/a><\/td>\n<td><a href=\"https:\/\/indi.unipo.sk\/wp-content\/uploads\/2024\/08\/\u2500\u041caPoP-P\u251c\u0431rov\u251c\u0439-p\u251c\u043dsanie.pdf\">P\u00ed\u0161eme v dvojici<\/a><\/td>\n<\/tr>\n<tr>\n<td><a href=\"https:\/\/indi.unipo.sk\/wp-content\/uploads\/2024\/08\/\u2500\u041caPoP-Pre\u2500\u041do-p\u251c\u043d\u253c\u0431eme.pdf\">Pre\u010do p\u00ed\u0161eme?<\/a><\/td>\n<td><a href=\"https:\/\/indi.unipo.sk\/wp-content\/uploads\/2024\/08\/\u2500\u041caPoP-\u2500\u041c\u251c\u043dtam-po-sebe.pdf\">\u010c\u00edtam po sebe?<\/a><\/td>\n<\/tr>\n<tr>\n<td><a href=\"https:\/\/indi.unipo.sk\/wp-content\/uploads\/2024\/08\/\u2500\u041caPoP-Odkazy.pdf\">Odkazy<\/a><\/td>\n<td><a href=\"https:\/\/indi.unipo.sk\/wp-content\/uploads\/2024\/08\/\u2500\u041caPoP-H\u2500\u255bad\u251c\u0431me-slov\u251c\u0431.pdf\">H\u013ead\u00e1me slov\u00e1<\/a><\/td>\n<\/tr>\n<tr>\n<td><a href=\"https:\/\/indi.unipo.sk\/wp-content\/uploads\/2024\/08\/\u2500\u041caPoP-P\u251c\u043dsanie-na-t\u251c\u0439mu-t\u251c\u0439ma-na-p\u251c\u043dsanie.pdf\">P\u00edsanie na t\u00e9mu, t\u00e9ma na p\u00edsanie<\/a><\/td>\n<td><a href=\"https:\/\/indi.unipo.sk\/wp-content\/uploads\/2024\/08\/\u2500\u041caPoP-Pom\u251c\u2524cky-na-p\u251c\u043dsanie.pdf\">Pom\u00f4cky na p\u00edsanie<\/a><\/td>\n<\/tr>\n<\/tbody>\n<\/table>\n","protected":false},"excerpt":{"rendered":"<p>(form\u00e1t A4 obojstranne na \u0161\u00edrku, 10 t\u00e9m) N\u00e1pad je nad zlato Adres\u00e1t je d\u00f4le\u017eit\u00fd M\u00e1me v hlav\u00e1ch stroj\u010deky? P\u00ed\u0161eme v dvojici Pre\u010do p\u00ed\u0161eme? \u010c\u00edtam po<\/p>\n","protected":false},"author":1,"featured_media":0,"parent":32,"menu_order":4,"comment_status":"closed","ping_status":"closed","template":"","meta":{"footnotes":""},"class_list":["post-460","page","type-page","status-publish","hentry"],"_links":{"self":[{"href":"https:\/\/indi.unipo.sk\/index.php?rest_route=\/wp\/v2\/pages\/460","targetHints":{"allow":["GET"]}}],"collection":[{"href":"https:\/\/indi.unipo.sk\/index.php?rest_route=\/wp\/v2\/pages"}],"about":[{"href":"https:\/\/indi.unipo.sk\/index.php?rest_route=\/wp\/v2\/types\/page"}],"author":[{"embeddable":true,"href":"https:\/\/indi.unipo.sk\/index.php?rest_route=\/wp\/v2\/users\/1"}],"replies":[{"embeddable":true,"href":"https:\/\/indi.unipo.sk\/index.php?rest_route=%2Fwp%2Fv2%2Fcomments&post=460"}],"version-history":[{"count":4,"href":"https:\/\/indi.unipo.sk\/index.php?rest_route=\/wp\/v2\/pages\/460\/revisions"}],"predecessor-version":[{"id":612,"href":"https:\/\/indi.unipo.sk\/index.php?rest_route=\/wp\/v2\/pages\/460\/revisions\/612"}],"up":[{"embeddable":true,"href":"https:\/\/indi.unipo.sk\/index.php?rest_route=\/wp\/v2\/pages\/32"}],"wp:attachment":[{"href":"https:\/\/indi.unipo.sk\/index.php?rest_route=%2Fwp%2Fv2%2Fmedia&parent=460"}],"curies":[{"name":"wp","href":"https:\/\/api.w.org\/{rel}","templated":true}]}}