{"id":465,"date":"2024-07-29T18:31:46","date_gmt":"2024-07-29T16:31:46","guid":{"rendered":"https:\/\/indi.unipo.sk\/?page_id=465"},"modified":"2024-08-28T19:10:57","modified_gmt":"2024-08-28T17:10:57","slug":"priloha-5-pridavne-editacne-listky","status":"publish","type":"page","link":"https:\/\/indi.unipo.sk\/?page_id=465","title":{"rendered":"Pr\u00edloha 5 Pr\u00eddavn\u00e9 edita\u010dn\u00e9 l\u00edstky"},"content":{"rendered":"<p style=\"text-align: center;\"><a href=\"https:\/\/indi.unipo.sk\/wp-content\/uploads\/2024\/08\/pr\u0431loha-5.pdf\">Pr\u00edloha 5 Pr\u00eddavn\u00e9 edita\u010dn\u00e9 l\u00edstky<\/a><\/p>\n","protected":false},"excerpt":{"rendered":"<p>Pr\u00edloha 5 Pr\u00eddavn\u00e9 edita\u010dn\u00e9 l\u00edstky<\/p>\n","protected":false},"author":1,"featured_media":0,"parent":32,"menu_order":6,"comment_status":"closed","ping_status":"closed","template":"","meta":{"footnotes":""},"class_list":["post-465","page","type-page","status-publish","hentry"],"_links":{"self":[{"href":"https:\/\/indi.unipo.sk\/index.php?rest_route=\/wp\/v2\/pages\/465","targetHints":{"allow":["GET"]}}],"collection":[{"href":"https:\/\/indi.unipo.sk\/index.php?rest_route=\/wp\/v2\/pages"}],"about":[{"href":"https:\/\/indi.unipo.sk\/index.php?rest_route=\/wp\/v2\/types\/page"}],"author":[{"embeddable":true,"href":"https:\/\/indi.unipo.sk\/index.php?rest_route=\/wp\/v2\/users\/1"}],"replies":[{"embeddable":true,"href":"https:\/\/indi.unipo.sk\/index.php?rest_route=%2Fwp%2Fv2%2Fcomments&post=465"}],"version-history":[{"count":2,"href":"https:\/\/indi.unipo.sk\/index.php?rest_route=\/wp\/v2\/pages\/465\/revisions"}],"predecessor-version":[{"id":529,"href":"https:\/\/indi.unipo.sk\/index.php?rest_route=\/wp\/v2\/pages\/465\/revisions\/529"}],"up":[{"embeddable":true,"href":"https:\/\/indi.unipo.sk\/index.php?rest_route=\/wp\/v2\/pages\/32"}],"wp:attachment":[{"href":"https:\/\/indi.unipo.sk\/index.php?rest_route=%2Fwp%2Fv2%2Fmedia&parent=465"}],"curies":[{"name":"wp","href":"https:\/\/api.w.org\/{rel}","templated":true}]}}