{"id":54,"date":"2022-08-30T21:53:38","date_gmt":"2022-08-30T19:53:38","guid":{"rendered":"https:\/\/indi.unipo.sk\/?page_id=54"},"modified":"2023-08-19T07:44:19","modified_gmt":"2023-08-19T05:44:19","slug":"integrovana-didaktika-2","status":"publish","type":"page","link":"https:\/\/indi.unipo.sk\/?page_id=54","title":{"rendered":"Publik\u00e1cie"},"content":{"rendered":"<p>&nbsp;<\/p>\n<p>&nbsp;<\/p>\n<table cellspacing=\"0\" cellpadding=\"0\">\n<tbody>\n<tr>\n<td valign=\"middle\"><img loading=\"lazy\" decoding=\"async\" class=\"size-full wp-image-399 aligncenter\" src=\"https:\/\/indi.unipo.sk\/wp-content\/uploads\/2023\/01\/slovo_o_slove_16.png\" alt=\"\" width=\"319\" height=\"448\" \/><\/td>\n<td valign=\"middle\">\n<p style=\"text-align: center;\"><strong>\u00a0SLOVO O SLOVE. 16.<\/strong><\/p>\n<p style=\"text-align: center;\">\u00a0Zborn\u00edk Katedry komunikacnej a liter\u00e1rnej v\u00fdchovy Pedagogickej fakulty Pre\u0161ovskej univerzity. Ed. L. LIPT\u00c1KOV\u00c1 \u2013 M. ANDRIC\u00cdKOV\u00c1 \u2013 M. KLIMOVIC. Pre\u0161ov: PF PU, 2010. 401 s. ISBN 978-80-555-0201-4.<\/p>\n<\/td>\n<\/tr>\n<tr>\n<td><img loading=\"lazy\" decoding=\"async\" class=\"alignnone size-full wp-image-406\" src=\"https:\/\/indi.unipo.sk\/wp-content\/uploads\/2023\/01\/slovo_o_slove_15.png\" alt=\"\" width=\"311\" height=\"448\" \/><\/td>\n<td>&nbsp;<\/p>\n<p style=\"text-align: center;\"><strong>SLOVO O SLOVE. 15.<\/strong><\/p>\n<p style=\"text-align: center;\">Zborn\u00edk Katedry komunikacnej a liter\u00e1rnej v\u00fdchovy Pedagogickej fakulty Pre\u0161ovskej univerzity. Ed. L. LIPT\u00c1KOV\u00c1 \u2013 K. VU\u017dN\u00c1KOV\u00c1 \u2013 R. RUSN\u00c1K. Pre\u0161ov: PF PU, 2009. 389 s. ISBN 978-80-8068-972-8.<\/p>\n<\/td>\n<\/tr>\n<tr>\n<td><img loading=\"lazy\" decoding=\"async\" class=\"alignnone size-full wp-image-408\" src=\"https:\/\/indi.unipo.sk\/wp-content\/uploads\/2023\/01\/slovo_o_slove_14.png\" alt=\"\" width=\"314\" height=\"448\" \/><\/td>\n<td>\n<p style=\"text-align: center;\"><strong>SLOVO O SLOVE. 14.<\/strong><\/p>\n<p style=\"text-align: center;\">Zborn\u00edk Katedry komunikacnej a liter\u00e1rnej v\u00fdchovy Pedagogickej fakulty Pre\u0161ovskej univerzity. Ed. L. SIC\u00c1KOV\u00c1 \u2013 K. VU\u017dN\u00c1KOV\u00c1 \u2013 R. RUSN\u00c1K. Pre\u0161ov: PF PU, 2008. 340 s. ISBN 978-80-8068-752-6.<\/p>\n<\/td>\n<\/tr>\n<tr>\n<td><img loading=\"lazy\" decoding=\"async\" class=\"alignnone size-full wp-image-410\" src=\"https:\/\/indi.unipo.sk\/wp-content\/uploads\/2023\/01\/slovo_o_slove_13.png\" alt=\"\" width=\"313\" height=\"448\" \/><\/td>\n<td>\n<p style=\"text-align: center;\"><strong>SLOVO O SLOVE. 13.<\/strong><\/p>\n<p style=\"text-align: center;\">Zborn\u00edk Katedry komunikacnej a liter\u00e1rnej v\u00fdchovy Pedagogickej fakulty Pre\u0161ovskej univerzity. Ed. L. SIC\u00c1KOV\u00c1 \u2013 L. LIPT\u00c1KOV\u00c1, L. \u2013 B. HLEBOV\u00c1. Pre\u0161ov: PF PU, 2007. 350 s. ISBN 978-80-8068-646-8.<\/p>\n<\/td>\n<\/tr>\n<tr>\n<td><a href=\"https:\/\/indi.unipo.sk\/wp-content\/uploads\/2023\/08\/Edukacny-model.pdf\"><img loading=\"lazy\" decoding=\"async\" class=\"alignnone wp-image-414 \" src=\"https:\/\/indi.unipo.sk\/wp-content\/uploads\/2023\/08\/Screenshot-2023-08-19-at-07.40.29.png\" alt=\"\" width=\"321\" height=\"452\" srcset=\"https:\/\/indi.unipo.sk\/wp-content\/uploads\/2023\/08\/Screenshot-2023-08-19-at-07.40.29.png 1236w, https:\/\/indi.unipo.sk\/wp-content\/uploads\/2023\/08\/Screenshot-2023-08-19-at-07.40.29-768x1082.png 768w, https:\/\/indi.unipo.sk\/wp-content\/uploads\/2023\/08\/Screenshot-2023-08-19-at-07.40.29-1090x1536.png 1090w\" sizes=\"auto, (max-width: 321px) 100vw, 321px\" \/><\/a><\/td>\n<td>\n<p style=\"text-align: center;\"><strong>Eduka\u010dn\u00fd model rozv\u00edjania porozumenia textu v prim\u00e1rnom vzdel\u00e1van\u00ed<\/strong><\/p>\n<p style=\"text-align: center;\">autorky: \u013dudmila Lipt\u00e1kov\u00e1 a Dana Cib\u00e1kov\u00e1<\/p>\n<p style=\"text-align: center;\">vydavate\u013e: Pre\u0161ovsk\u00e1 univerzita, Pedagogick\u00e1 fakulta<\/p>\n<p style=\"text-align: center;\">rok vydania: 2013<\/p>\n<p style=\"text-align: center;\">\n<\/td>\n<\/tr>\n<\/tbody>\n<\/table>\n","protected":false},"excerpt":{"rendered":"<p>&nbsp; &nbsp; \u00a0SLOVO O SLOVE. 16. \u00a0Zborn\u00edk Katedry komunikacnej a liter\u00e1rnej v\u00fdchovy Pedagogickej fakulty Pre\u0161ovskej univerzity. Ed. L. LIPT\u00c1KOV\u00c1 \u2013 M. ANDRIC\u00cdKOV\u00c1 \u2013 M. KLIMOVIC.<\/p>\n","protected":false},"author":1,"featured_media":0,"parent":0,"menu_order":0,"comment_status":"closed","ping_status":"closed","template":"","meta":{"footnotes":""},"class_list":["post-54","page","type-page","status-publish","hentry"],"_links":{"self":[{"href":"https:\/\/indi.unipo.sk\/index.php?rest_route=\/wp\/v2\/pages\/54","targetHints":{"allow":["GET"]}}],"collection":[{"href":"https:\/\/indi.unipo.sk\/index.php?rest_route=\/wp\/v2\/pages"}],"about":[{"href":"https:\/\/indi.unipo.sk\/index.php?rest_route=\/wp\/v2\/types\/page"}],"author":[{"embeddable":true,"href":"https:\/\/indi.unipo.sk\/index.php?rest_route=\/wp\/v2\/users\/1"}],"replies":[{"embeddable":true,"href":"https:\/\/indi.unipo.sk\/index.php?rest_route=%2Fwp%2Fv2%2Fcomments&post=54"}],"version-history":[{"count":15,"href":"https:\/\/indi.unipo.sk\/index.php?rest_route=\/wp\/v2\/pages\/54\/revisions"}],"predecessor-version":[{"id":418,"href":"https:\/\/indi.unipo.sk\/index.php?rest_route=\/wp\/v2\/pages\/54\/revisions\/418"}],"wp:attachment":[{"href":"https:\/\/indi.unipo.sk\/index.php?rest_route=%2Fwp%2Fv2%2Fmedia&parent=54"}],"curies":[{"name":"wp","href":"https:\/\/api.w.org\/{rel}","templated":true}]}}