{"id":59,"date":"2022-08-30T21:56:33","date_gmt":"2022-08-30T19:56:33","guid":{"rendered":"https:\/\/indi.unipo.sk\/?page_id=59"},"modified":"2022-09-05T18:46:09","modified_gmt":"2022-09-05T16:46:09","slug":"ucebnica","status":"publish","type":"page","link":"https:\/\/indi.unipo.sk\/?page_id=59","title":{"rendered":"U\u010debnica"},"content":{"rendered":"<p><a href=\"https:\/\/indi.unipo.sk\/wp-content\/uploads\/2022\/09\/obalka.pdf\"><img loading=\"lazy\" decoding=\"async\" class=\"wp-image-136 aligncenter\" src=\"https:\/\/indi.unipo.sk\/wp-content\/uploads\/2022\/09\/obalka.png\" alt=\"\" width=\"387\" height=\"554\" \/><\/a><\/p>\n<p style=\"text-align: center;\">Ob\u00e1lka<\/p>\n<p style=\"text-align: center;\">\n<p style=\"text-align: center;\"><a href=\"https:\/\/indi.unipo.sk\/wp-content\/uploads\/2022\/09\/tiraz.pdf\"><img loading=\"lazy\" decoding=\"async\" class=\"alignnone wp-image-138 aligncenter\" src=\"https:\/\/indi.unipo.sk\/wp-content\/uploads\/2022\/09\/tiraz.png\" alt=\"\" width=\"392\" height=\"562\" \/><\/a><\/p>\n<p style=\"text-align: center;\">Tir\u00e1\u017e<\/p>\n<p style=\"text-align: center;\"><a href=\"https:\/\/indi.unipo.sk\/wp-content\/uploads\/2022\/09\/obsah.pdf\"><img loading=\"lazy\" decoding=\"async\" class=\" wp-image-147 aligncenter\" src=\"https:\/\/indi.unipo.sk\/wp-content\/uploads\/2022\/09\/obsah.png\" alt=\"\" width=\"393\" height=\"567\" \/><\/a><\/p>\n<p style=\"text-align: center;\">Obsah<\/p>\n<p style=\"text-align: center;\"><a href=\"https:\/\/indi.unipo.sk\/wp-content\/uploads\/2022\/09\/resume.pdf\"><img loading=\"lazy\" decoding=\"async\" class=\"size-full wp-image-157 aligncenter\" src=\"https:\/\/indi.unipo.sk\/wp-content\/uploads\/2022\/09\/uvod.png\" alt=\"\" width=\"401\" height=\"579\" \/><\/a><\/p>\n<p style=\"text-align: center;\">\u00davod<\/p>\n<p style=\"text-align: center;\"><a href=\"https:\/\/indi.unipo.sk\/wp-content\/uploads\/2022\/09\/resume.pdf\"><img loading=\"lazy\" decoding=\"async\" class=\"size-full wp-image-160 aligncenter\" src=\"https:\/\/indi.unipo.sk\/wp-content\/uploads\/2022\/09\/resume.png\" alt=\"\" width=\"451\" height=\"649\" \/><\/a><\/p>\n<p style=\"text-align: center;\">Resum\u00e9<\/p>\n<p style=\"text-align: center;\"><a href=\"https:\/\/indi.unipo.sk\/wp-content\/uploads\/2022\/09\/summary.pdf\"><img loading=\"lazy\" decoding=\"async\" class=\"size-full wp-image-164 aligncenter\" src=\"https:\/\/indi.unipo.sk\/wp-content\/uploads\/2022\/09\/summary.png\" alt=\"\" width=\"401\" height=\"579\" \/><\/a><\/p>\n<p style=\"text-align: center;\">Summary<\/p>\n<p style=\"text-align: center;\"><a href=\"https:\/\/indi.unipo.sk\/wp-content\/uploads\/2022\/09\/5.pdf\"><img loading=\"lazy\" decoding=\"async\" class=\" wp-image-167 aligncenter\" src=\"https:\/\/indi.unipo.sk\/wp-content\/uploads\/2022\/09\/priloha_5.png\" alt=\"\" width=\"388\" height=\"559\" \/><\/a><\/p>\n<p style=\"text-align: center;\">Pr\u00edloha ku kapitole 5.<\/p>\n<p style=\"text-align: center;\">\n<p style=\"text-align: center;\"><a href=\"https:\/\/indi.unipo.sk\/wp-content\/uploads\/2022\/09\/6.pdf\"><img loading=\"lazy\" decoding=\"async\" class=\"size-full wp-image-171 aligncenter\" src=\"https:\/\/indi.unipo.sk\/wp-content\/uploads\/2022\/09\/priloha_6.png\" alt=\"\" width=\"399\" height=\"578\" \/><\/a><\/p>\n<p style=\"text-align: center;\">\n<p style=\"text-align: center;\">Pr\u00edloha ku kapitole 6.<\/p>\n<p style=\"text-align: center;\"><a href=\"https:\/\/indi.unipo.sk\/wp-content\/uploads\/2022\/09\/9.pdf\"><img loading=\"lazy\" decoding=\"async\" class=\" wp-image-175 aligncenter\" src=\"https:\/\/indi.unipo.sk\/wp-content\/uploads\/2022\/09\/priloha_9.png\" alt=\"\" width=\"404\" height=\"584\" \/><\/a><\/p>\n<p style=\"text-align: center;\">\n<p style=\"text-align: center;\">Pr\u00edloha ku kapitole 9.3.3<\/p>\n<p style=\"text-align: center;\">\n<p style=\"text-align: center;\"><a href=\"https:\/\/indi.unipo.sk\/wp-content\/uploads\/2022\/09\/letileti.webmhd.webm\"><img loading=\"lazy\" decoding=\"async\" class=\" wp-image-178 aligncenter\" src=\"https:\/\/indi.unipo.sk\/wp-content\/uploads\/2022\/09\/priloha_letileti.png\" alt=\"\" width=\"408\" height=\"359\" \/><\/a><\/p>\n<p style=\"text-align: center;\">Pr\u00edloha ku kapitole 9.4.2<\/p>\n<p style=\"text-align: center;\">\n<p style=\"text-align: center;\"><a href=\"https:\/\/indi.unipo.sk\/wp-content\/uploads\/2022\/09\/12.pdf\"><img loading=\"lazy\" decoding=\"async\" class=\"size-full wp-image-181 aligncenter\" src=\"https:\/\/indi.unipo.sk\/wp-content\/uploads\/2022\/09\/priloha_12.png\" alt=\"\" width=\"401\" height=\"578\" \/><\/a><\/p>\n<p style=\"text-align: center;\">Pr\u00edloha ku kapitole 12.<\/p>\n<p style=\"text-align: center;\">\n<p style=\"text-align: center;\">\n","protected":false},"excerpt":{"rendered":"<p>Ob\u00e1lka Tir\u00e1\u017e Obsah \u00davod Resum\u00e9 Summary Pr\u00edloha ku kapitole 5. Pr\u00edloha ku kapitole 6. Pr\u00edloha ku kapitole 9.3.3 Pr\u00edloha ku kapitole 9.4.2 Pr\u00edloha ku kapitole<\/p>\n","protected":false},"author":1,"featured_media":0,"parent":23,"menu_order":0,"comment_status":"closed","ping_status":"closed","template":"","meta":{"footnotes":""},"class_list":["post-59","page","type-page","status-publish","hentry"],"_links":{"self":[{"href":"https:\/\/indi.unipo.sk\/index.php?rest_route=\/wp\/v2\/pages\/59","targetHints":{"allow":["GET"]}}],"collection":[{"href":"https:\/\/indi.unipo.sk\/index.php?rest_route=\/wp\/v2\/pages"}],"about":[{"href":"https:\/\/indi.unipo.sk\/index.php?rest_route=\/wp\/v2\/types\/page"}],"author":[{"embeddable":true,"href":"https:\/\/indi.unipo.sk\/index.php?rest_route=\/wp\/v2\/users\/1"}],"replies":[{"embeddable":true,"href":"https:\/\/indi.unipo.sk\/index.php?rest_route=%2Fwp%2Fv2%2Fcomments&post=59"}],"version-history":[{"count":22,"href":"https:\/\/indi.unipo.sk\/index.php?rest_route=\/wp\/v2\/pages\/59\/revisions"}],"predecessor-version":[{"id":185,"href":"https:\/\/indi.unipo.sk\/index.php?rest_route=\/wp\/v2\/pages\/59\/revisions\/185"}],"up":[{"embeddable":true,"href":"https:\/\/indi.unipo.sk\/index.php?rest_route=\/wp\/v2\/pages\/23"}],"wp:attachment":[{"href":"https:\/\/indi.unipo.sk\/index.php?rest_route=%2Fwp%2Fv2%2Fmedia&parent=59"}],"curies":[{"name":"wp","href":"https:\/\/api.w.org\/{rel}","templated":true}]}}