{"id":61,"date":"2022-08-30T21:56:50","date_gmt":"2022-08-30T19:56:50","guid":{"rendered":"https:\/\/indi.unipo.sk\/?page_id=61"},"modified":"2022-12-19T18:18:08","modified_gmt":"2022-12-19T16:18:08","slug":"media","status":"publish","type":"page","link":"https:\/\/indi.unipo.sk\/?page_id=61","title":{"rendered":"M\u00e9di\u00e1"},"content":{"rendered":"<h3>VIDEO<\/h3>\n<p><center><div style=\"width: 640px;\" class=\"wp-video\"><video class=\"wp-video-shortcode\" id=\"video-61-1\" width=\"640\" height=\"360\" preload=\"metadata\" controls=\"controls\"><source type=\"video\/mp4\" src=\"https:\/\/indi.unipo.sk\/wp-content\/uploads\/2022\/09\/1-.mp4?_=1\" \/><a href=\"https:\/\/indi.unipo.sk\/wp-content\/uploads\/2022\/09\/1-.mp4\">https:\/\/indi.unipo.sk\/wp-content\/uploads\/2022\/09\/1-.mp4<\/a><\/video><\/div><\/p>\n<p>&nbsp;<\/p>\n<p><\/center><\/p>\n<p style=\"text-align: center;\">Korytna\u010dka sa stratila | <i>Integr\u00e1cia jazykovej a slohovej zlo\u017eky so zameran\u00edm na porozumenie vecn\u00e9mu textu.<\/i><\/p>\n<p style=\"text-align: center;\"><i>PaedDr. Tatjana Pjurov\u00e1<\/i><\/p>\n<p>&nbsp;<\/p>\n<p>&nbsp;<\/p>\n<p><center><div style=\"width: 640px;\" class=\"wp-video\"><video class=\"wp-video-shortcode\" id=\"video-61-2\" width=\"640\" height=\"360\" preload=\"metadata\" controls=\"controls\"><source type=\"video\/mp4\" src=\"https:\/\/indi.unipo.sk\/wp-content\/uploads\/2022\/09\/2-.mp4?_=2\" \/><a href=\"https:\/\/indi.unipo.sk\/wp-content\/uploads\/2022\/09\/2-.mp4\">https:\/\/indi.unipo.sk\/wp-content\/uploads\/2022\/09\/2-.mp4<\/a><\/video><\/div><\/p>\n<p>&nbsp;<\/p>\n<p><\/center><\/p>\n<p style=\"text-align: center;\">O repe | <i>Integrovan\u00e9 vyu\u010dovanie materinsk\u00e9ho a cudzieho jazyka.<\/i><\/p>\n<p style=\"text-align: center;\"><i>Mgr. Marta Urdov\u00e1<\/i><\/p>\n<p>&nbsp;<\/p>\n<p>&nbsp;<\/p>\n<p><center><div style=\"width: 640px;\" class=\"wp-video\"><video class=\"wp-video-shortcode\" id=\"video-61-3\" width=\"640\" height=\"360\" preload=\"metadata\" controls=\"controls\"><source type=\"video\/mp4\" src=\"https:\/\/indi.unipo.sk\/wp-content\/uploads\/2022\/12\/3.mp4?_=3\" \/><a href=\"https:\/\/indi.unipo.sk\/wp-content\/uploads\/2022\/12\/3.mp4\">https:\/\/indi.unipo.sk\/wp-content\/uploads\/2022\/12\/3.mp4<\/a><\/video><\/div><\/p>\n<p>&nbsp;<\/p>\n<p><\/center><\/p>\n<p style=\"text-align: center;\">Veselienka a Dudro\u0161isko | <i>Uk\u00e1\u017eka n\u00e1cviku neverb\u00e1lnej komunik\u00e1cie v 2. ro\u010dn\u00edku Z\u0160.<\/i><\/p>\n<p style=\"text-align: center;\"><i>PaedDr. Martin Klimovi\u010d, PhD.<\/i><\/p>\n<p>&nbsp;<\/p>\n<p>&nbsp;<\/p>\n<p><center><div style=\"width: 640px;\" class=\"wp-video\"><video class=\"wp-video-shortcode\" id=\"video-61-4\" width=\"640\" height=\"360\" preload=\"metadata\" controls=\"controls\"><source type=\"video\/mp4\" src=\"https:\/\/indi.unipo.sk\/wp-content\/uploads\/2022\/12\/4.mp4?_=4\" \/><a href=\"https:\/\/indi.unipo.sk\/wp-content\/uploads\/2022\/12\/4.mp4\">https:\/\/indi.unipo.sk\/wp-content\/uploads\/2022\/12\/4.mp4<\/a><\/video><\/div><\/p>\n<p>&nbsp;<\/p>\n<p><\/center><\/p>\n<p style=\"text-align: center;\">Nie je pierko ako pierko | <i>Pisate\u013esk\u00e1 diel\u0148a zameran\u00e1 na rozvoj textovej produkcie v mlad\u0161om\u0161kolskom veku.<\/i><\/p>\n<p style=\"text-align: center;\"><i>PaedDr. Martin Klimovi\u010d, PhD.<\/i><\/p>\n<p>&nbsp;<\/p>\n<p>&nbsp;<\/p>\n<p><center><div style=\"width: 640px;\" class=\"wp-video\"><video class=\"wp-video-shortcode\" id=\"video-61-5\" width=\"640\" height=\"360\" preload=\"metadata\" controls=\"controls\"><source type=\"video\/mp4\" src=\"https:\/\/indi.unipo.sk\/wp-content\/uploads\/2022\/12\/5.mp4?_=5\" \/><a href=\"https:\/\/indi.unipo.sk\/wp-content\/uploads\/2022\/12\/5.mp4\">https:\/\/indi.unipo.sk\/wp-content\/uploads\/2022\/12\/5.mp4<\/a><\/video><\/div><\/p>\n<p>&nbsp;<\/p>\n<p><\/center><\/p>\n<p style=\"text-align: center;\">Divadeln\u00e9 \u00falety | <i>Audiovizu\u00e1lna uk\u00e1\u017eka v\u00fdsledku divadelnej tvorivej dielne.<\/i><\/p>\n<p style=\"text-align: center;\"><i>PaedDr. M\u00e1ria Kuderjav\u00e1, videoz\u00e1znam: Du\u0161an Hulm\u00edk<\/i><\/p>\n<p>&nbsp;<\/p>\n<p>&nbsp;<\/p>\n<p><center><div style=\"width: 640px;\" class=\"wp-video\"><video class=\"wp-video-shortcode\" id=\"video-61-6\" width=\"640\" height=\"360\" preload=\"metadata\" controls=\"controls\"><source type=\"video\/mp4\" src=\"https:\/\/indi.unipo.sk\/wp-content\/uploads\/2022\/12\/6.mp4?_=6\" \/><a href=\"https:\/\/indi.unipo.sk\/wp-content\/uploads\/2022\/12\/6.mp4\">https:\/\/indi.unipo.sk\/wp-content\/uploads\/2022\/12\/6.mp4<\/a><\/video><\/div><\/p>\n<p>&nbsp;<\/p>\n<p><\/center><\/p>\n<p style=\"text-align: center;\">L\u00e1ska k chv\u00e1leniu | <i>Audiovizu\u00e1lna uk\u00e1\u017eka divadelnej inscen\u00e1cie (deti pred\u0161kolsk\u00e9ho veku)<\/i><\/p>\n<p style=\"text-align: center;\"><i>Bc. M\u00e1ria J\u00e1no\u0161ov\u00e1, videoz\u00e1znam: Mgr. Mari\u00e1n Jacko<\/i><\/p>\n<p>&nbsp;<\/p>\n<p>&nbsp;<\/p>\n<p><center><div style=\"width: 640px;\" class=\"wp-video\"><video class=\"wp-video-shortcode\" id=\"video-61-7\" width=\"640\" height=\"360\" preload=\"metadata\" controls=\"controls\"><source type=\"video\/mp4\" src=\"https:\/\/indi.unipo.sk\/wp-content\/uploads\/2022\/12\/7.mp4?_=7\" \/><a href=\"https:\/\/indi.unipo.sk\/wp-content\/uploads\/2022\/12\/7.mp4\">https:\/\/indi.unipo.sk\/wp-content\/uploads\/2022\/12\/7.mp4<\/a><\/video><\/div><\/p>\n<p>&nbsp;<\/p>\n<p><\/center><\/p>\n<p style=\"text-align: center;\">Poves\u0165 o nitrianskom kostol\u00edku | <i>Poves\u0165 v didaktickej komunik\u00e1cii<\/i><\/p>\n<p style=\"text-align: center;\"><i>Mgr. Radoslav Rus\u0148\u00e1k, PhD.<\/i><\/p>\n<p>&nbsp;<\/p>\n<p>&nbsp;<\/p>\n<p>&nbsp;<\/p>\n<p>&nbsp;<\/p>\n<h3>AUDIO<\/h3>\n<audio class=\"wp-audio-shortcode\" id=\"audio-61-1\" preload=\"none\" style=\"width: 100%;\" controls=\"controls\"><source type=\"audio\/mpeg\" src=\"https:\/\/indi.unipo.sk\/wp-content\/uploads\/2022\/09\/jazok_01.mp3?_=1\" \/><a href=\"https:\/\/indi.unipo.sk\/wp-content\/uploads\/2022\/09\/jazok_01.mp3\">https:\/\/indi.unipo.sk\/wp-content\/uploads\/2022\/09\/jazok_01.mp3<\/a><\/audio>\n<p style=\"text-align: center;\">Ned\u00e1va\u0165 si serv\u00edtku pred \u00fasta<i> | <\/i><em>z\u00e1znam 01<\/em><\/p>\n<p style=\"text-align: center;\">prof. PaedDr. \u013dudmila LIPT\u00c1KOV\u00c1, CSc.<\/p>\n<p>&nbsp;<\/p>\n<audio class=\"wp-audio-shortcode\" id=\"audio-61-2\" preload=\"none\" style=\"width: 100%;\" controls=\"controls\"><source type=\"audio\/mpeg\" src=\"https:\/\/indi.unipo.sk\/wp-content\/uploads\/2022\/09\/jazok_02.mp3?_=2\" \/><a href=\"https:\/\/indi.unipo.sk\/wp-content\/uploads\/2022\/09\/jazok_02.mp3\">https:\/\/indi.unipo.sk\/wp-content\/uploads\/2022\/09\/jazok_02.mp3<\/a><\/audio>\n<p style=\"text-align: center;\">O re\u010dov\u00fdch kr\u00ed\u017eencoch | <em>z\u00e1znam 02<\/em><\/p>\n<p style=\"text-align: center;\">prof. PaedDr. \u013dudmila LIPT\u00c1KOV\u00c1, CSc.<\/p>\n<p>&nbsp;<\/p>\n<audio class=\"wp-audio-shortcode\" id=\"audio-61-3\" preload=\"none\" style=\"width: 100%;\" controls=\"controls\"><source type=\"audio\/mpeg\" src=\"https:\/\/indi.unipo.sk\/wp-content\/uploads\/2022\/12\/jazok_03.mp3?_=3\" \/><a href=\"https:\/\/indi.unipo.sk\/wp-content\/uploads\/2022\/12\/jazok_03.mp3\">https:\/\/indi.unipo.sk\/wp-content\/uploads\/2022\/12\/jazok_03.mp3<\/a><\/audio>\n<p style=\"text-align: center;\">P\u0161enica v popole | <em>z\u00e1znam 03<\/em><\/p>\n<p style=\"text-align: center;\">prof. PaedDr. \u013dudmila LIPT\u00c1KOV\u00c1, CSc.<\/p>\n<p>&nbsp;<\/p>\n<audio class=\"wp-audio-shortcode\" id=\"audio-61-4\" preload=\"none\" style=\"width: 100%;\" controls=\"controls\"><source type=\"audio\/mpeg\" src=\"https:\/\/indi.unipo.sk\/wp-content\/uploads\/2022\/12\/jazok_04.mp3?_=4\" \/><a href=\"https:\/\/indi.unipo.sk\/wp-content\/uploads\/2022\/12\/jazok_04.mp3\">https:\/\/indi.unipo.sk\/wp-content\/uploads\/2022\/12\/jazok_04.mp3<\/a><\/audio>\n<p style=\"text-align: center;\">Vojensk\u00fd ata\u0161\u00e9 | <em>z\u00e1znam 04<\/em><\/p>\n<p style=\"text-align: center;\">prof. PaedDr. \u013dudmila LIPT\u00c1KOV\u00c1, CSc.<\/p>\n<p>&nbsp;<\/p>\n<audio class=\"wp-audio-shortcode\" id=\"audio-61-5\" preload=\"none\" style=\"width: 100%;\" controls=\"controls\"><source type=\"audio\/mpeg\" src=\"https:\/\/indi.unipo.sk\/wp-content\/uploads\/2022\/12\/jazok_05.mp3?_=5\" \/><a href=\"https:\/\/indi.unipo.sk\/wp-content\/uploads\/2022\/12\/jazok_05.mp3\">https:\/\/indi.unipo.sk\/wp-content\/uploads\/2022\/12\/jazok_05.mp3<\/a><\/audio>\n<p style=\"text-align: center;\">Kedy pou\u017ei\u0165 ke\u010f? | <em>z\u00e1znam 05<\/em><\/p>\n<p style=\"text-align: center;\">prof. PaedDr. \u013dudmila LIPT\u00c1KOV\u00c1, CSc.<\/p>\n<p>&nbsp;<\/p>\n<audio class=\"wp-audio-shortcode\" id=\"audio-61-6\" preload=\"none\" style=\"width: 100%;\" controls=\"controls\"><source type=\"audio\/mpeg\" src=\"https:\/\/indi.unipo.sk\/wp-content\/uploads\/2022\/12\/jazok_06.mp3?_=6\" \/><a href=\"https:\/\/indi.unipo.sk\/wp-content\/uploads\/2022\/12\/jazok_06.mp3\">https:\/\/indi.unipo.sk\/wp-content\/uploads\/2022\/12\/jazok_06.mp3<\/a><\/audio>\n<p style=\"text-align: center;\">Stavi\u0165 na nie\u010do | <em>z\u00e1znam 06<\/em><\/p>\n<p style=\"text-align: center;\">prof. PaedDr. \u013dudmila LIPT\u00c1KOV\u00c1, CSc.<\/p>\n<p>&nbsp;<\/p>\n<audio class=\"wp-audio-shortcode\" id=\"audio-61-7\" preload=\"none\" style=\"width: 100%;\" controls=\"controls\"><source type=\"audio\/mpeg\" src=\"https:\/\/indi.unipo.sk\/wp-content\/uploads\/2022\/12\/jazok_07.mp3?_=7\" \/><a href=\"https:\/\/indi.unipo.sk\/wp-content\/uploads\/2022\/12\/jazok_07.mp3\">https:\/\/indi.unipo.sk\/wp-content\/uploads\/2022\/12\/jazok_07.mp3<\/a><\/audio>\n<p style=\"text-align: center;\">O neposlu\u0161n\u00fdch d\u013a\u017e\u0148och | <em>z\u00e1znam 07<\/em><\/p>\n<p style=\"text-align: center;\">prof. PaedDr. \u013dudmila LIPT\u00c1KOV\u00c1, CSc.<\/p>\n<p>&nbsp;<\/p>\n<audio class=\"wp-audio-shortcode\" id=\"audio-61-8\" preload=\"none\" style=\"width: 100%;\" controls=\"controls\"><source type=\"audio\/mpeg\" src=\"https:\/\/indi.unipo.sk\/wp-content\/uploads\/2022\/12\/jazok_08.mp3?_=8\" \/><a href=\"https:\/\/indi.unipo.sk\/wp-content\/uploads\/2022\/12\/jazok_08.mp3\">https:\/\/indi.unipo.sk\/wp-content\/uploads\/2022\/12\/jazok_08.mp3<\/a><\/audio>\n<p style=\"text-align: center;\">St\u00e1rnu\u0165 \u010di starn\u00fa\u0165? | <em>z\u00e1znam 08<\/em><\/p>\n<p style=\"text-align: center;\">prof. PaedDr. \u013dudmila LIPT\u00c1KOV\u00c1, CSc.<\/p>\n<p>&nbsp;<\/p>\n<audio class=\"wp-audio-shortcode\" id=\"audio-61-9\" preload=\"none\" style=\"width: 100%;\" controls=\"controls\"><source type=\"audio\/mpeg\" src=\"https:\/\/indi.unipo.sk\/wp-content\/uploads\/2022\/12\/jazok_09.mp3?_=9\" \/><a href=\"https:\/\/indi.unipo.sk\/wp-content\/uploads\/2022\/12\/jazok_09.mp3\">https:\/\/indi.unipo.sk\/wp-content\/uploads\/2022\/12\/jazok_09.mp3<\/a><\/audio>\n<p style=\"text-align: center;\">Zlo\u017een\u00e9 pr\u00eddavn\u00e9 men\u00e1 | <em>z\u00e1znam 09<\/em><\/p>\n<p style=\"text-align: center;\">prof. PaedDr. \u013dudmila LIPT\u00c1KOV\u00c1, CSc.<\/p>\n<p>&nbsp;<\/p>\n<audio class=\"wp-audio-shortcode\" id=\"audio-61-10\" preload=\"none\" style=\"width: 100%;\" controls=\"controls\"><source type=\"audio\/mpeg\" src=\"https:\/\/indi.unipo.sk\/wp-content\/uploads\/2022\/12\/jazok_10.mp3?_=10\" \/><a href=\"https:\/\/indi.unipo.sk\/wp-content\/uploads\/2022\/12\/jazok_10.mp3\">https:\/\/indi.unipo.sk\/wp-content\/uploads\/2022\/12\/jazok_10.mp3<\/a><\/audio>\n<p style=\"text-align: center;\">Viano\u010dn\u00e9 kapry | <em>z\u00e1znam 10<\/em><\/p>\n<p style=\"text-align: center;\">prof. PaedDr. \u013dudmila LIPT\u00c1KOV\u00c1, CSc.<\/p>\n<p>&nbsp;<\/p>\n<audio class=\"wp-audio-shortcode\" id=\"audio-61-11\" preload=\"none\" style=\"width: 100%;\" controls=\"controls\"><source type=\"audio\/mpeg\" src=\"https:\/\/indi.unipo.sk\/wp-content\/uploads\/2022\/12\/jazok_11.mp3?_=11\" \/><a href=\"https:\/\/indi.unipo.sk\/wp-content\/uploads\/2022\/12\/jazok_11.mp3\">https:\/\/indi.unipo.sk\/wp-content\/uploads\/2022\/12\/jazok_11.mp3<\/a><\/audio>\n<p style=\"text-align: center;\">Kel\u00edmok alebo t\u00e9glik? | <em>z\u00e1znam 11<\/em><\/p>\n<p style=\"text-align: center;\">prof. PaedDr. \u013dudmila LIPT\u00c1KOV\u00c1, CSc.<\/p>\n<p>&nbsp;<\/p>\n<audio class=\"wp-audio-shortcode\" id=\"audio-61-12\" preload=\"none\" style=\"width: 100%;\" controls=\"controls\"><source type=\"audio\/mpeg\" src=\"https:\/\/indi.unipo.sk\/wp-content\/uploads\/2022\/12\/jazok_12.mp3?_=12\" \/><a href=\"https:\/\/indi.unipo.sk\/wp-content\/uploads\/2022\/12\/jazok_12.mp3\">https:\/\/indi.unipo.sk\/wp-content\/uploads\/2022\/12\/jazok_12.mp3<\/a><\/audio>\n<p style=\"text-align: center;\">S\u00fa \u017eraloky zru\u010dn\u00e9? | <em>z\u00e1znam 12<\/em><\/p>\n<p style=\"text-align: center;\">prof. PaedDr. \u013dudmila LIPT\u00c1KOV\u00c1, CSc.<\/p>\n<p>&nbsp;<\/p>\n<audio class=\"wp-audio-shortcode\" id=\"audio-61-13\" preload=\"none\" style=\"width: 100%;\" controls=\"controls\"><source type=\"audio\/mpeg\" src=\"https:\/\/indi.unipo.sk\/wp-content\/uploads\/2022\/12\/jazok_13.mp3?_=13\" \/><a href=\"https:\/\/indi.unipo.sk\/wp-content\/uploads\/2022\/12\/jazok_13.mp3\">https:\/\/indi.unipo.sk\/wp-content\/uploads\/2022\/12\/jazok_13.mp3<\/a><\/audio>\n<p style=\"text-align: center;\">Kodansk\u00fd samit | <em>z\u00e1znam 13<\/em><\/p>\n<p style=\"text-align: center;\">prof. PaedDr. \u013dudmila LIPT\u00c1KOV\u00c1, CSc.<\/p>\n<p>&nbsp;<\/p>\n<audio class=\"wp-audio-shortcode\" id=\"audio-61-14\" preload=\"none\" style=\"width: 100%;\" controls=\"controls\"><source type=\"audio\/mpeg\" src=\"https:\/\/indi.unipo.sk\/wp-content\/uploads\/2022\/12\/jazok_14.mp3?_=14\" \/><a href=\"https:\/\/indi.unipo.sk\/wp-content\/uploads\/2022\/12\/jazok_14.mp3\">https:\/\/indi.unipo.sk\/wp-content\/uploads\/2022\/12\/jazok_14.mp3<\/a><\/audio>\n<p style=\"text-align: center;\">Ma\u0165 reput\u00e1ciu, ma\u0165 renom\u00e9 | <em>z\u00e1znam 14<\/em><\/p>\n<p style=\"text-align: center;\">prof. PaedDr. \u013dudmila LIPT\u00c1KOV\u00c1, CSc.<\/p>\n<p>&nbsp;<\/p>\n<audio class=\"wp-audio-shortcode\" id=\"audio-61-15\" preload=\"none\" style=\"width: 100%;\" controls=\"controls\"><source type=\"audio\/mpeg\" src=\"https:\/\/indi.unipo.sk\/wp-content\/uploads\/2022\/12\/jazok_15.mp3?_=15\" \/><a href=\"https:\/\/indi.unipo.sk\/wp-content\/uploads\/2022\/12\/jazok_15.mp3\">https:\/\/indi.unipo.sk\/wp-content\/uploads\/2022\/12\/jazok_15.mp3<\/a><\/audio>\n<p style=\"text-align: center;\">\u010caro ve\u013ekono\u010dn\u00fdch vaj\u00ed\u010dok | <em>z\u00e1znam 15<\/em><\/p>\n<p style=\"text-align: center;\">prof. PaedDr. \u013dudmila LIPT\u00c1KOV\u00c1, CSc.<\/p>\n<p>&nbsp;<\/p>\n<audio class=\"wp-audio-shortcode\" id=\"audio-61-16\" preload=\"none\" style=\"width: 100%;\" controls=\"controls\"><source type=\"audio\/mpeg\" src=\"https:\/\/indi.unipo.sk\/wp-content\/uploads\/2022\/12\/jazok_16.mp3?_=16\" \/><a href=\"https:\/\/indi.unipo.sk\/wp-content\/uploads\/2022\/12\/jazok_16.mp3\">https:\/\/indi.unipo.sk\/wp-content\/uploads\/2022\/12\/jazok_16.mp3<\/a><\/audio>\n<p style=\"text-align: center;\">Je\u017ei\u0161 v Galilei | <em>z\u00e1znam 16<\/em><\/p>\n<p style=\"text-align: center;\">prof. PaedDr. \u013dudmila LIPT\u00c1KOV\u00c1, CSc.<\/p>\n<p>&nbsp;<\/p>\n<audio class=\"wp-audio-shortcode\" id=\"audio-61-17\" preload=\"none\" style=\"width: 100%;\" controls=\"controls\"><source type=\"audio\/mpeg\" src=\"https:\/\/indi.unipo.sk\/wp-content\/uploads\/2022\/12\/jazok_17.mp3?_=17\" \/><a href=\"https:\/\/indi.unipo.sk\/wp-content\/uploads\/2022\/12\/jazok_17.mp3\">https:\/\/indi.unipo.sk\/wp-content\/uploads\/2022\/12\/jazok_17.mp3<\/a><\/audio>\n<p style=\"text-align: center;\">O prechy\u013eovan\u00ed a o rode podstatn\u00fdch mien | <em>z\u00e1znam 17<\/em><\/p>\n<p style=\"text-align: center;\">prof. PaedDr. \u013dudmila LIPT\u00c1KOV\u00c1, CSc.<\/p>\n<p>&nbsp;<\/p>\n<audio class=\"wp-audio-shortcode\" id=\"audio-61-18\" preload=\"none\" style=\"width: 100%;\" controls=\"controls\"><source type=\"audio\/mpeg\" src=\"https:\/\/indi.unipo.sk\/wp-content\/uploads\/2022\/12\/jazok_18.mp3?_=18\" \/><a href=\"https:\/\/indi.unipo.sk\/wp-content\/uploads\/2022\/12\/jazok_18.mp3\">https:\/\/indi.unipo.sk\/wp-content\/uploads\/2022\/12\/jazok_18.mp3<\/a><\/audio>\n<p style=\"text-align: center;\"> Euroslov\u00e1 | <em>z\u00e1znam 18<\/em><\/p>\n<p style=\"text-align: center;\">prof. PaedDr. \u013dudmila LIPT\u00c1KOV\u00c1, CSc.<\/p>\n<p>&nbsp;<\/p>\n<audio class=\"wp-audio-shortcode\" id=\"audio-61-19\" preload=\"none\" style=\"width: 100%;\" controls=\"controls\"><source type=\"audio\/mpeg\" src=\"https:\/\/indi.unipo.sk\/wp-content\/uploads\/2022\/12\/jazok_19.mp3?_=19\" \/><a href=\"https:\/\/indi.unipo.sk\/wp-content\/uploads\/2022\/12\/jazok_19.mp3\">https:\/\/indi.unipo.sk\/wp-content\/uploads\/2022\/12\/jazok_19.mp3<\/a><\/audio>\n<p style=\"text-align: center;\">O genit\u00edve mno\u017en\u00e9ho \u010d\u00edsla podstatn\u00fdch mien \u017eensk\u00e9ho rodu\t | <em>z\u00e1znam 19<\/em><\/p>\n<p style=\"text-align: center;\">prof. PaedDr. \u013dudmila LIPT\u00c1KOV\u00c1, CSc.<\/p>\n<p>&nbsp;<\/p>\n<audio class=\"wp-audio-shortcode\" id=\"audio-61-20\" preload=\"none\" style=\"width: 100%;\" controls=\"controls\"><source type=\"audio\/mpeg\" src=\"https:\/\/indi.unipo.sk\/wp-content\/uploads\/2022\/12\/jazok_20.mp3?_=20\" \/><a href=\"https:\/\/indi.unipo.sk\/wp-content\/uploads\/2022\/12\/jazok_20.mp3\">https:\/\/indi.unipo.sk\/wp-content\/uploads\/2022\/12\/jazok_20.mp3<\/a><\/audio>\n<p style=\"text-align: center;\">Zav\u00e1racie poh\u00e1re a vrchn\u00e1ky | <em>z\u00e1znam 20<\/em><\/p>\n<p style=\"text-align: center;\">prof. PaedDr. \u013dudmila LIPT\u00c1KOV\u00c1, CSc.<\/p>\n<p>&nbsp;<\/p>\n<audio class=\"wp-audio-shortcode\" id=\"audio-61-21\" preload=\"none\" style=\"width: 100%;\" controls=\"controls\"><source type=\"audio\/mpeg\" src=\"https:\/\/indi.unipo.sk\/wp-content\/uploads\/2022\/12\/jazok_21.mp3?_=21\" \/><a href=\"https:\/\/indi.unipo.sk\/wp-content\/uploads\/2022\/12\/jazok_21.mp3\">https:\/\/indi.unipo.sk\/wp-content\/uploads\/2022\/12\/jazok_21.mp3<\/a><\/audio>\n<p style=\"text-align: center;\">Letiskov\u00fd \u010di leti\u0161tn\u00fd? | <em>z\u00e1znam 21<\/em><\/p>\n<p style=\"text-align: center;\">prof. PaedDr. \u013dudmila LIPT\u00c1KOV\u00c1, CSc.<\/p>\n<p>&nbsp;<\/p>\n<audio class=\"wp-audio-shortcode\" id=\"audio-61-22\" preload=\"none\" style=\"width: 100%;\" controls=\"controls\"><source type=\"audio\/mpeg\" src=\"https:\/\/indi.unipo.sk\/wp-content\/uploads\/2022\/12\/jazok_22.mp3?_=22\" \/><a href=\"https:\/\/indi.unipo.sk\/wp-content\/uploads\/2022\/12\/jazok_22.mp3\">https:\/\/indi.unipo.sk\/wp-content\/uploads\/2022\/12\/jazok_22.mp3<\/a><\/audio>\n<p style=\"text-align: center;\">O bedekri | <em>z\u00e1znam 22<\/em><\/p>\n<p style=\"text-align: center;\">prof. PaedDr. \u013dudmila LIPT\u00c1KOV\u00c1, CSc.<\/p>\n<p>&nbsp;<\/p>\n","protected":false},"excerpt":{"rendered":"<p>VIDEO &nbsp; Korytna\u010dka sa stratila | Integr\u00e1cia jazykovej a slohovej zlo\u017eky so zameran\u00edm na porozumenie vecn\u00e9mu textu. PaedDr. Tatjana Pjurov\u00e1 &nbsp; &nbsp; &nbsp; O repe<\/p>\n","protected":false},"author":1,"featured_media":0,"parent":23,"menu_order":0,"comment_status":"closed","ping_status":"closed","template":"","meta":{"footnotes":""},"class_list":["post-61","page","type-page","status-publish","hentry"],"_links":{"self":[{"href":"https:\/\/indi.unipo.sk\/index.php?rest_route=\/wp\/v2\/pages\/61","targetHints":{"allow":["GET"]}}],"collection":[{"href":"https:\/\/indi.unipo.sk\/index.php?rest_route=\/wp\/v2\/pages"}],"about":[{"href":"https:\/\/indi.unipo.sk\/index.php?rest_route=\/wp\/v2\/types\/page"}],"author":[{"embeddable":true,"href":"https:\/\/indi.unipo.sk\/index.php?rest_route=\/wp\/v2\/users\/1"}],"replies":[{"embeddable":true,"href":"https:\/\/indi.unipo.sk\/index.php?rest_route=%2Fwp%2Fv2%2Fcomments&post=61"}],"version-history":[{"count":52,"href":"https:\/\/indi.unipo.sk\/index.php?rest_route=\/wp\/v2\/pages\/61\/revisions"}],"predecessor-version":[{"id":339,"href":"https:\/\/indi.unipo.sk\/index.php?rest_route=\/wp\/v2\/pages\/61\/revisions\/339"}],"up":[{"embeddable":true,"href":"https:\/\/indi.unipo.sk\/index.php?rest_route=\/wp\/v2\/pages\/23"}],"wp:attachment":[{"href":"https:\/\/indi.unipo.sk\/index.php?rest_route=%2Fwp%2Fv2%2Fmedia&parent=61"}],"curies":[{"name":"wp","href":"https:\/\/api.w.org\/{rel}","templated":true}]}}